{"id":84,"date":"2016-12-29T22:22:53","date_gmt":"2016-12-30T00:22:53","guid":{"rendered":"https:\/\/neoprego.wordpress.com\/serra-da-capivara\/"},"modified":"2025-11-30T17:51:28","modified_gmt":"2025-11-30T20:51:28","slug":"serra-da-capivara","status":"publish","type":"page","link":"https:\/\/www.neoprego.org\/pt_br\/research-sites-locais-de-pesquisa\/serra-da-capivara\/","title":{"rendered":"Serra da Capivara"},"content":{"rendered":"<p><a href=\"https:\/\/en.wikipedia.org\/wiki\/Serra_da_Capivara_National_Park\" target=\"_blank\" rel=\"noopener\">Parque Nacional Serra da Capivara <\/a>foi criado em 1979 e \u00e9 um <a href=\"http:\/\/whc.unesco.org\/en\/list\/606\" target=\"_blank\" rel=\"noopener\">Patrim\u00f4nio da Humanidade da UNESCO<\/a>, mundialmente conhecido por suas pinturas rupestres e ind\u00edcios de antiga ocupa\u00e7\u00e3o humana <\/p>\n\n\n\n<p>Localizado no sudeste do Estado do Piau\u00ed, nos munic\u00edpios de S\u00e3o Raimundo Nonato, Jo\u00e3o Costa, Brejo do Piau\u00ed e Coronel Jos\u00e9 Dias, o parque tem uma \u00e1rea de aproximadamente 130 mil hectares. \u00c9 tamb\u00e9m uma das poucas \u00e1reas de preserva\u00e7\u00e3o do bioma Caatinga, ambiente exclusivo do Brasil.<\/p>\n\n\n<div class=\"wp-block-image\">\n<figure class=\"alignright size-large is-resized\"><img loading=\"lazy\" decoding=\"async\" width=\"1800\" height=\"1350\" src=\"https:\/\/neoprego.org\/wp-content\/uploads\/2023\/04\/falotico-04547.jpg?w=712\" alt=\"\" class=\"wp-image-1460\" style=\"width:264px;height:auto\" srcset=\"https:\/\/www.neoprego.org\/wp-content\/uploads\/2023\/04\/falotico-04547.jpg 1800w, https:\/\/www.neoprego.org\/wp-content\/uploads\/2023\/04\/falotico-04547-300x225.jpg 300w, https:\/\/www.neoprego.org\/wp-content\/uploads\/2023\/04\/falotico-04547-1024x768.jpg 1024w, https:\/\/www.neoprego.org\/wp-content\/uploads\/2023\/04\/falotico-04547-768x576.jpg 768w, https:\/\/www.neoprego.org\/wp-content\/uploads\/2023\/04\/falotico-04547-1536x1152.jpg 1536w\" sizes=\"auto, (max-width: 1800px) 100vw, 1800px\" \/><\/figure>\n<\/div>\n\n\n<p>A Serra da Capivara \u00e9 um s\u00edtio arqueol\u00f3gico not\u00e1vel, que oferece um fascinante vislumbre da hist\u00f3ria de uma das primeiras ocupa\u00e7\u00f5es humanas da Am\u00e9rica do Sul. Com mais de 300 s\u00edtios arqueol\u00f3gicos descobertos no parque, incluindo pinturas rupestres que datam de 20.000 anos (ou mais), o parque \u00e9 um testemunho do nosso passado. Com uma fauna rica, o local abriga cerca de 47 esp\u00e9cies de lagartos, 52 esp\u00e9cies de cobras, 48 anf\u00edbios, 57 mam\u00edferos e 510 esp\u00e9cies de aves. O parque abriga tr\u00eas esp\u00e9cies de primatas, saguis (<i><a href=\"https:\/\/en.wikipedia.org\/wiki\/Common_marmoset\" target=\"_blank\" rel=\"noopener\">Callithrix jacchus<\/a>)<\/i>) bugios\/guaribas (<i><a href=\"https:\/\/en.wikipedia.org\/wiki\/Black_howler\" target=\"_blank\" rel=\"noopener\">Alouatta caraya<\/a><\/i>), e macacos-prego (<i><a href=\"https:\/\/en.wikipedia.org\/wiki\/Black-striped_capuchin\" target=\"_blank\" rel=\"noopener\">Sapajus libidinosus<\/a><\/i>).<\/p>\n\n\n<div class=\"wp-block-image\">\n<figure class=\"alignleft is-resized\"><img loading=\"lazy\" decoding=\"async\" width=\"640\" height=\"427\" src=\"https:\/\/neoprego.org\/wp-content\/uploads\/2016\/12\/28137734605_5d5a40d5a5_z.jpg?w=300\" alt=\"Capuchin monkey using a stick probe tool\" class=\"wp-image-116\" style=\"width:304px;height:auto\" srcset=\"https:\/\/www.neoprego.org\/wp-content\/uploads\/2016\/12\/28137734605_5d5a40d5a5_z.jpg 640w, https:\/\/www.neoprego.org\/wp-content\/uploads\/2016\/12\/28137734605_5d5a40d5a5_z-300x200.jpg 300w\" sizes=\"auto, (max-width: 640px) 100vw, 640px\" \/><\/figure>\n<\/div>\n\n\n<p>Os macacos-prego que habitam o parque s\u00e3o muito peculiares. Eles s\u00e3o estudados h\u00e1 20 anos e s\u00e3o conhecidos por possu\u00edrem o repert\u00f3rio de ferramentas mais diversificado em compara\u00e7\u00e3o com outras popula\u00e7\u00f5es de macacos-prego. <\/p>\n\n\n\n<p>Durante essas d\u00e9cadas de pesquisa, nosso cofundador, Tiago Fal\u00f3tico, observou e descreveu detalhes e nuances de como esses macacos-prego fabricam, manipulam e utilizam suas ferramentas. <\/p>\n\n\n\n<p>Foi poss\u00edvel observar como os macacos utilizavam ferramentas de pedra para processar a castanha de caju, evitando a subst\u00e2ncia c\u00e1ustica contida nas castanhas, bem como o uso de ferramentas de pedra para escavar ra\u00edzes, tub\u00e9rculos e aranhas. Para cada tipo de uso, os macacos-prego escolhem pedras de diferentes tamanhos e formatos. Esta \u00e9 tamb\u00e9m a popula\u00e7\u00e3o mais terrestre conhecida para o g\u00eanero at\u00e9 hoje, sendo que esse fator pode ter influenciado a diversidade de ferramentas que eles usam.<\/p>\n\n\n<div class=\"wp-block-image\">\n<figure class=\"alignright size-large is-resized\"><img loading=\"lazy\" decoding=\"async\" width=\"1800\" height=\"1200\" src=\"https:\/\/neoprego-nas.myasustor.com\/wordpress\/wp-content\/uploads\/2024\/02\/falotico-8875.jpg?w=712\" alt=\"\" class=\"wp-image-1800\" style=\"width:316px;height:auto\" srcset=\"https:\/\/www.neoprego.org\/wp-content\/uploads\/2024\/02\/falotico-8875.jpg 1800w, https:\/\/www.neoprego.org\/wp-content\/uploads\/2024\/02\/falotico-8875-300x200.jpg 300w, https:\/\/www.neoprego.org\/wp-content\/uploads\/2024\/02\/falotico-8875-1024x683.jpg 1024w, https:\/\/www.neoprego.org\/wp-content\/uploads\/2024\/02\/falotico-8875-768x512.jpg 768w, https:\/\/www.neoprego.org\/wp-content\/uploads\/2024\/02\/falotico-8875-1536x1024.jpg 1536w\" sizes=\"auto, (max-width: 1800px) 100vw, 1800px\" \/><figcaption class=\"wp-element-caption\">Adult male capuchin monkey cracking a cashew nut.<\/figcaption><\/figure>\n<\/div>\n\n\n<p>Durante muito tempo, esta tamb\u00e9m foi a \u00fanica popula\u00e7\u00e3o onde se observou macacos-prego usarem varetas para procurar alimentos e ca\u00e7ar pequenos vertebrados. Esta \u00e9 uma atividade feita apenas por machos! Este vi\u00e9s sexual no uso de ferramentas de sonda tamb\u00e9m foi observado em experimentos naturalistas e na \u00fanica outra popula\u00e7\u00e3o onde posteriormente os macacos-prego tamb\u00e9m foram observados fazendo esse comportamento.<\/p>\n\n\n\n<p>Outro comportamento peculiar e sexualmente enviesado \u00e9 realizado apenas por f\u00eameas. Durante o per\u00edodo de cio, as f\u00eameas de um dos nossos grupos de estudo jogam pequenas pedras mirando os machos como parte de sua exibi\u00e7\u00e3o sexual durante o cortejo.<\/p>\n\n\n<div class=\"wp-block-image\">\n<figure class=\"alignleft size-large is-resized\"><img loading=\"lazy\" decoding=\"async\" width=\"764\" height=\"509\" src=\"https:\/\/neoprego.org\/wp-content\/uploads\/2023\/04\/falotico-28890-edited.jpg?w=712\" alt=\"\" class=\"wp-image-1451\" style=\"width:280px;height:auto\" srcset=\"https:\/\/www.neoprego.org\/wp-content\/uploads\/2023\/04\/falotico-28890-edited.jpg 764w, https:\/\/www.neoprego.org\/wp-content\/uploads\/2023\/04\/falotico-28890-edited-300x200.jpg 300w\" sizes=\"auto, (max-width: 764px) 100vw, 764px\" \/><figcaption class=\"wp-element-caption\">Macaco-prego fragmentando um martelo enquanto faz o comportamento de bater pedra contra pedra. <\/figcaption><\/figure>\n<\/div>\n\n\n<p>Os macacos desta popula\u00e7\u00e3o tamb\u00e9m realizam um comportamento \u00fanico: bater pedras contra pedras (o que involuntariamente cria \u201clascas\u201d). Esse comportamento tamb\u00e9m produz um p\u00f3 da pedra que pode ser cheirado ou ingerido. Em colabora\u00e7\u00e3o com arque\u00f3logos da Universidade de Oxford e do Instituto Max Planck de Antropologia Evolutiva, foi poss\u00edvel determinar que essas lascas se assemelham \u00e0s lascas olduvaienses humanas. Escava\u00e7\u00f5es arqueol\u00f3gicas na Serra da Capivara feitas alguns anos atr\u00e1s com participa\u00e7\u00e3o de membros da nossa equipe encontraram ferramentas de pedra dos macacos-prego datadas de at\u00e9 3.000 anos, demonstrando que esse comportamento de uso de ferramentas de pedra est\u00e1 presente nesta popula\u00e7\u00e3o h\u00e1 muito tempo!<\/p>\n\n\n<div class=\"wp-block-image\">\n<figure class=\"alignright size-large is-resized\"><img loading=\"lazy\" decoding=\"async\" width=\"1800\" height=\"1200\" src=\"https:\/\/neoprego-nas.myasustor.com\/wordpress\/wp-content\/uploads\/2024\/02\/falotico-7984.jpg?w=1024\" alt=\"\" class=\"wp-image-1864\" style=\"width:365px;height:auto\" srcset=\"https:\/\/www.neoprego.org\/wp-content\/uploads\/2024\/02\/falotico-7984.jpg 1800w, https:\/\/www.neoprego.org\/wp-content\/uploads\/2024\/02\/falotico-7984-300x200.jpg 300w, https:\/\/www.neoprego.org\/wp-content\/uploads\/2024\/02\/falotico-7984-1024x683.jpg 1024w, https:\/\/www.neoprego.org\/wp-content\/uploads\/2024\/02\/falotico-7984-768x512.jpg 768w, https:\/\/www.neoprego.org\/wp-content\/uploads\/2024\/02\/falotico-7984-1536x1024.jpg 1536w\" sizes=\"auto, (max-width: 1800px) 100vw, 1800px\" \/><\/figure>\n<\/div>\n\n\n<p>Pesquisas sobre o desenvolvimento do comportamento de uso de ferramentas e aprendizagem social tamb\u00e9m foram realizadas com macacos-prego da Serra da Capivara. Recentemente, nosso membro Henrique Rufo estava realizando sua pesquisa de doutorado sobre a ontogenia e os mecanismos de aprendizagem social do comportamento de escavar o solo com ferramentas de pedra.<\/p>\n\n\n\n<figure class=\"wp-block-embed is-type-video is-provider-youtube wp-block-embed-youtube wp-embed-aspect-16-9 wp-has-aspect-ratio\"><div class=\"wp-block-embed__wrapper\">\n<iframe loading=\"lazy\" title=\"Uso de ferramentas dos macacos-prego da Serra da Capivara\" width=\"712\" height=\"401\" src=\"https:\/\/www.youtube.com\/embed\/Gcrm-ql5uiQ?feature=oembed\" frameborder=\"0\" allow=\"accelerometer; autoplay; clipboard-write; encrypted-media; gyroscope; picture-in-picture; web-share\" referrerpolicy=\"strict-origin-when-cross-origin\" allowfullscreen><\/iframe>\n<\/div><figcaption class=\"wp-element-caption\">V\u00eddeo com imagens da Serra da Capivara e dos macacos-prego usando ferramentas<\/figcaption><\/figure>\n\n\n\n<p>Em 2024 come\u00e7amos a construir uma nova base de pesquisa de campo para dar suporte \u00e0s pesquisas de longo prazo nesta popula\u00e7\u00e3o.<\/p>\n\n\n\n<h4 class=\"wp-block-heading\">Grupos<\/h4>\n\n\n\n<p>O principal grupo que estudamos na Serra da Capivara \u00e9 o da <a href=\"https:\/\/airtable.com\/appijJI171945UxVI\/shrwAdqxF6du5KLFM\" target=\"_blank\" rel=\"noreferrer noopener\">Pedra Furada<\/a> . Este grupo tem sido acompanhado pelos nossos pesquisadores desde 2007, mas tamb\u00e9m encontramos outros grupos. Abaixo voc\u00ea pode ver os indiv\u00edduos destes grupos.<\/p>\n\n\n\n<ul class=\"wp-block-list\">\n<li><a href=\"https:\/\/airtable.com\/appijJI171945UxVI\/shrwAdqxF6du5KLFM\" target=\"_blank\" rel=\"noreferrer noopener\">Pedra Furada<\/a><\/li>\n\n\n\n<li><a href=\"https:\/\/airtable.com\/appijJI171945UxVI\/shr1aEud1mpqR4YfO\" target=\"_blank\" rel=\"noreferrer noopener\">Mutilados <\/a>(uma fiss\u00e3o do grupo Pedra Furada)<\/li>\n\n\n\n<li><a href=\"https:\/\/airtable.com\/appijJI171945UxVI\/shrtGMEm3o13MHqfr\" target=\"_blank\" rel=\"noreferrer noopener\">M\u00ednimo<\/a><\/li>\n\n\n\n<li><a href=\"https:\/\/airtable.com\/appijJI171945UxVI\/shrMjpb46i1YInuCr\" target=\"_blank\" rel=\"noreferrer noopener\">Sans\u00e3o<\/a><\/li>\n<\/ul>\n\n\n\n<hr class=\"wp-block-separator has-alpha-channel-opacity\"\/>\n\n\n\n<p id=\"capivara-br\"><strong>Refer\u00eancias:<\/strong><\/p>\n\n\n\n<ul class=\"wp-block-list\">\n<li><a href=\"http:\/\/www.fumdham.org.br\" target=\"_blank\" rel=\"noopener\">Funda\u00e7\u00e3o Museu do Homem Americano<\/a><\/li>\n\n\n\n<li>Arroyo, A., Fal\u00f3tico, T., Burguet-Coca, A., Exp\u00f3sito, I., Quinn, P., &amp; Proffitt, T. (2021). Use-wear and residue analysis of pounding tools used by wild capuchin monkeys (<em>Sapajus libidinosus<\/em>) from Serra da Capivara (Piau\u00ed, Brazil).&nbsp;<em>Journal of Archaeological Science: Report<\/em>,&nbsp;<em>35<\/em>, 102690. <a href=\"https:\/\/doi.org\/10.1016\/j.jasrep.2020.102690\" target=\"_blank\" rel=\"noreferrer noopener\">https:\/\/doi.org\/10.1016\/j.jasrep.2020.102690<\/a><\/li>\n\n\n\n<li>Fal\u00f3tico, T. (2023). Vertebrate predation and tool-aided capture of prey by savannah wild capuchin monkeys (<em>Sapajus libidinosus<\/em>).&nbsp;<em>International Journal of Primatology<\/em>,&nbsp;<em>44<\/em>(1), 9\u201320. <a href=\"https:\/\/doi.org\/10.1007\/s10764-022-00320-z\" target=\"_blank\" rel=\"noreferrer noopener\">https:\/\/doi.org\/10.1007\/s10764-022-00320-z<\/a><\/li>\n\n\n\n<li>Fal\u00f3tico, T., Bueno, C. Q., &amp; Ottoni, E. B. (2021). Ontogeny and sex differences in object manipulation and probe tool use by wild tufted capuchin monkeys (<em>Sapajus libidinosus<\/em>).&nbsp;<em>American Journal of Primatology<\/em>,&nbsp;<em>83<\/em>(5), e23251. <a href=\"https:\/\/doi.org\/10.1002\/ajp.23251\" target=\"_blank\" rel=\"noreferrer noopener\">https:\/\/doi.org\/10.1002\/ajp.23251<\/a><\/li>\n\n\n\n<li>Fal\u00f3tico, T., Inaba, A., McGrew, W. C., &amp; Ottoni, E. B. (2016). Vertical bipedal locomotion in wild bearded capuchin monkeys (<em>Sapajus libidinosus<\/em>).&nbsp;<em>Primates<\/em>,&nbsp;<em>57<\/em>(4), 533\u2013540. <a href=\"https:\/\/doi.org\/10.1007\/s10329-016-0542-2\" target=\"_blank\" rel=\"noreferrer noopener\">https:\/\/doi.org\/10.1007\/s10329-016-0542-2<\/a><\/li>\n\n\n\n<li>Fal\u00f3tico, T., Luncz, L. V., Svensson, M. S., &amp; Haslam, M. (2016). Cashew nut positioning during stone tool use by wild bearded capuchin monkeys (<em>Sapajus libidinosus<\/em>).&nbsp;<em>Folia Primatologica<\/em>,&nbsp;<em>87<\/em>(6), 392\u2013397. <a href=\"https:\/\/doi.org\/10.1159\/000459621\" target=\"_blank\" rel=\"noreferrer noopener\">https:\/\/doi.org\/10.1159\/000459621<\/a><\/li>\n\n\n\n<li>Fal\u00f3tico, T., Mendon\u00e7a-Furtado, O., Foga\u00e7a, M. D., Tokuda, M., Ottoni, E. B., &amp; Verderane, M. P. (2021). Wild robust capuchin monkey interactions with sympatric primates.&nbsp;<em>Primates<\/em>,&nbsp;<em>62<\/em>(4), 659\u2013666. <a href=\"https:\/\/doi.org\/10.1007\/s10329-021-00913-x\" target=\"_blank\" rel=\"noreferrer noopener\">https:\/\/doi.org\/10.1007\/s10329-021-00913-x<\/a><\/li>\n\n\n\n<li>Fal\u00f3tico, T., &amp; Ottoni, E. B. (2013). Stone throwing as a sexual display in wild female bearded capuchin monkeys,&nbsp;<em>Sapajus libidinosus<\/em>.&nbsp;<em>PLoS ONE<\/em>,&nbsp;<em>8<\/em>(11), e79535. <a href=\"https:\/\/doi.org\/10.1371\/journal.pone.0079535\" target=\"_blank\" rel=\"noreferrer noopener\">https:\/\/doi.org\/10.1371\/journal.pone.0079535<\/a><\/li>\n\n\n\n<li>Fal\u00f3tico, T., &amp; Ottoni, E. B. (2014). Sexual bias in probe tool manufacture and use by wild bearded capuchin monkeys.&nbsp;<em>Behavioural Processes<\/em>,&nbsp;<em>108<\/em>, 117\u2013122. <a href=\"https:\/\/doi.org\/10.1016\/j.beproc.2014.09.036\" target=\"_blank\" rel=\"noreferrer noopener\">https:\/\/doi.org\/10.1016\/j.beproc.2014.09.036<\/a><\/li>\n\n\n\n<li>Fal\u00f3tico, T., &amp; Ottoni, E. B. (2016). The manifold use of pounding stone tools by wild capuchin monkeys of Serra da Capivara National&nbsp;Park,&nbsp;Brazil.&nbsp;<em>Behaviour<\/em>,&nbsp;<em>153<\/em>(4), 421\u2013442. <a href=\"https:\/\/doi.org\/10.1163\/1568539x-00003357\" target=\"_blank\" rel=\"noreferrer noopener\">https:\/\/doi.org\/10.1163\/1568539x-00003357<\/a><\/li>\n\n\n\n<li>Fal\u00f3tico, T., &amp; Ottoni, E. B. (2023). Greater tool use diversity is associated with increased terrestriality in wild capuchin monkeys.&nbsp;<em>American Journal of Biological Anthropology<\/em>,&nbsp;<em>181<\/em>(2), 312\u2013317. <a href=\"https:\/\/doi.org\/10.1002\/ajpa.24740\" target=\"_blank\" rel=\"noreferrer noopener\">https:\/\/doi.org\/10.1002\/ajpa.24740<\/a><\/li>\n\n\n\n<li>Fal\u00f3tico, T., Proffitt, T., Ottoni, E. B., Staff, R. A., &amp; Haslam, M. (2019). Three thousand years of wild capuchin stone tool use.&nbsp;<em>Nature Ecology &amp; Evolution<\/em>,&nbsp;<em>3<\/em>(7), 1034\u20131038. <a href=\"https:\/\/doi.org\/10.1038\/s41559-019-0904-4\" target=\"_blank\" rel=\"noreferrer noopener\">https:\/\/doi.org\/10.1038\/s41559-019-0904-4<\/a><\/li>\n\n\n\n<li>Fal\u00f3tico, T., Siqueira, J. O., &amp; Ottoni, E. B. (2017). Digging up food: excavation stone tool use by wild capuchin monkeys.&nbsp;<em>Scientific Reports<\/em>,&nbsp;<em>7<\/em>(1), 6278. <a href=\"https:\/\/doi.org\/10.1038\/s41598-017-06541-0\" target=\"_blank\" rel=\"noreferrer noopener\">https:\/\/doi.org\/10.1038\/s41598-017-06541-0<\/a><\/li>\n\n\n\n<li>Fal\u00f3tico, T., Verderane, M. P., Mendon\u00e7a-Furtado, O., Spagnoletti, N., Ottoni, E. B., Visalberghi, E., &amp; Izar, P. (2018). Food or threat? Wild capuchin monkeys (<em>Sapajus libidinosus<\/em>) as both predators and prey of snakes.&nbsp;<em>Primates<\/em>,&nbsp;<em>59<\/em>(1), 99\u2013106. <a href=\"https:\/\/doi.org\/10.1007\/s10329-017-0631-x\" target=\"_blank\" rel=\"noreferrer noopener\">https:\/\/doi.org\/10.1007\/s10329-017-0631-x<\/a><\/li>\n\n\n\n<li>Haslam, M., &amp; Fal\u00f3tico, T. (2015). Nasal probe and toothpick tool use by a wild female bearded capuchin (<em>Sapajus libidinosus<\/em>).&nbsp;<em>Primates<\/em>,&nbsp;<em>56<\/em>(3), 211\u2013214. <a href=\"https:\/\/doi.org\/10.1007\/s10329-015-0470-6\" target=\"_blank\" rel=\"noreferrer noopener\">https:\/\/doi.org\/10.1007\/s10329-015-0470-6<\/a><\/li>\n\n\n\n<li>Haslam, M., Luncz, L. V., Staff, R. A., Bradshaw, F., Ottoni, E. B., &amp; Fal\u00f3tico, T. (2016). Pre-Columbian monkey tools.&nbsp;<em>Current Biology<\/em>,&nbsp;<em>26<\/em>(13), R521\u2013R522. <a href=\"https:\/\/doi.org\/10.1016\/j.cub.2016.05.046\" target=\"_blank\" rel=\"noreferrer noopener\">https:\/\/doi.org\/10.1016\/j.cub.2016.05.046<\/a><\/li>\n\n\n\n<li>Luncz, L. V., Fal\u00f3tico, T., Pascual-Garrido, A., Corat, C., Mosley, H., &amp; Haslam, M. (2016). Wild capuchin monkeys adjust stone tools according to changing nut properties.&nbsp;<em>Scientific Reports<\/em>,&nbsp;<em>6<\/em>(1), 33089. <a href=\"https:\/\/doi.org\/10.1038\/srep33089\" target=\"_blank\" rel=\"noreferrer noopener\">https:\/\/doi.org\/10.1038\/srep33089<\/a><\/li>\n\n\n\n<li>Proffitt, T., Luncz, L. V., Fal\u00f3tico, T., Ottoni, E. B., Torre, I. de la, &amp; Haslam, M. (2016). Wild monkeys flake stone tools.&nbsp;<em>Nature<\/em>,&nbsp;<em>539<\/em>(7627), 85\u201388. <a href=\"https:\/\/doi.org\/10.1038\/nature20112\" target=\"_blank\" rel=\"noreferrer noopener\">https:\/\/doi.org\/10.1038\/nature20112<\/a><\/li>\n<\/ul>","protected":false},"excerpt":{"rendered":"<p>Serra da Capivara National Park was created in 1979 and&nbsp;is a UNESCO World Heritage site, widely known for its rock art and early human prehistoric occupation. Located in the southeast of the State of Piau\u00ed at the municipalities of S\u00e3o Raimundo Nonato, Jo\u00e3o Costa, Brejo do Piau\u00ed, and Coronel Jos\u00e9 Dias, the park has an &hellip; <a href=\"https:\/\/www.neoprego.org\/pt_br\/research-sites-locais-de-pesquisa\/serra-da-capivara\/\" class=\"more-link\">Continue lendo <span class=\"screen-reader-text\">Serra da Capivara<\/span><\/a><\/p>","protected":false},"author":1,"featured_media":115,"parent":82,"menu_order":0,"comment_status":"closed","ping_status":"closed","template":"","meta":{"footnotes":""},"tags":[77,79],"class_list":["post-84","page","type-page","status-publish","has-post-thumbnail","hentry","tag-serra-da-capivara","tag-sites"],"jetpack_sharing_enabled":true,"_links":{"self":[{"href":"https:\/\/www.neoprego.org\/pt_br\/wp-json\/wp\/v2\/pages\/84","targetHints":{"allow":["GET"]}}],"collection":[{"href":"https:\/\/www.neoprego.org\/pt_br\/wp-json\/wp\/v2\/pages"}],"about":[{"href":"https:\/\/www.neoprego.org\/pt_br\/wp-json\/wp\/v2\/types\/page"}],"author":[{"embeddable":true,"href":"https:\/\/www.neoprego.org\/pt_br\/wp-json\/wp\/v2\/users\/1"}],"replies":[{"embeddable":true,"href":"https:\/\/www.neoprego.org\/pt_br\/wp-json\/wp\/v2\/comments?post=84"}],"version-history":[{"count":2,"href":"https:\/\/www.neoprego.org\/pt_br\/wp-json\/wp\/v2\/pages\/84\/revisions"}],"predecessor-version":[{"id":2264,"href":"https:\/\/www.neoprego.org\/pt_br\/wp-json\/wp\/v2\/pages\/84\/revisions\/2264"}],"up":[{"embeddable":true,"href":"https:\/\/www.neoprego.org\/pt_br\/wp-json\/wp\/v2\/pages\/82"}],"wp:featuredmedia":[{"embeddable":true,"href":"https:\/\/www.neoprego.org\/pt_br\/wp-json\/wp\/v2\/media\/115"}],"wp:attachment":[{"href":"https:\/\/www.neoprego.org\/pt_br\/wp-json\/wp\/v2\/media?parent=84"}],"wp:term":[{"taxonomy":"post_tag","embeddable":true,"href":"https:\/\/www.neoprego.org\/pt_br\/wp-json\/wp\/v2\/tags?post=84"}],"curies":[{"name":"wp","href":"https:\/\/api.w.org\/{rel}","templated":true}]}}