{"id":82,"date":"2016-12-29T21:53:30","date_gmt":"2016-12-29T23:53:30","guid":{"rendered":"https:\/\/neoprego.wordpress.com\/research-sites-locais-de-pesquisa\/"},"modified":"2025-11-30T17:44:37","modified_gmt":"2025-11-30T20:44:37","slug":"research-sites-locais-de-pesquisa","status":"publish","type":"page","link":"https:\/\/www.neoprego.org\/pt_br\/research-sites-locais-de-pesquisa\/","title":{"rendered":"Locais"},"content":{"rendered":"<p>No momento, estamos trabalhando continuamente em quatro locais de pesquisa:<\/p>\n\n\n\n<ul class=\"wp-block-list\">\n<li><a href=\"https:\/\/neoprego.wordpress.com\/serra-da-capivara\/\">Parque Nacional Serra da Capivara<\/a><\/li>\n\n\n\n<li><a href=\"https:\/\/www.neoprego.org\/pt_br\/research-sites-locais-de-pesquisa\/serra-das-confusoes\/\">Parque Nacional Serra das Confus\u00f5es<\/a><\/li>\n\n\n\n<li><a href=\"https:\/\/www.neoprego.org\/pt_br\/research-sites-locais-de-pesquisa\/chapada-veadeiros\/\">Parque Nacional Chapada dos Veadeiros<\/a><\/li>\n\n\n\n<li><a href=\"https:\/\/www.neoprego.org\/pt_br\/research-sites-locais-de-pesquisa\/ubajara\/\">Parque Nacional de Ubajara<\/a><\/li>\n<\/ul>\n\n\n\n<p>Na Serra da Capivara realizamos pesquisas de longo prazo com diversos grupos de macacos-prego (<i>Sapajus libidinosus<\/i>principalmente sobre o uso de ferramentas e a aprendizagem social. O principal primat\u00f3logo que trabalha na \u00e1rea, Dr. Tiago Fal\u00f3tico, \u00e9 tamb\u00e9m um dos fundadores do NeoPReGo. Nosso principal objetivo para este local \u00e9 expandir a pesquisa para outras \u00e1reas, como biomec\u00e2nica e morfologia, e iniciar um programa de educa\u00e7\u00e3o ambiental para as comunidades locais.<\/p>\n\n\n\n<p>Ubajara encontra-se no in\u00edcio da implementa\u00e7\u00e3o de uma base de investiga\u00e7\u00e3o; estamos acompanhando grupos de macacos-prego (<i>S. libidinosus<\/i>) e mapeando os locais de utiliza\u00e7\u00e3o de ferramentas. A nossa pesquisadora, Tati Valen\u00e7a, est\u00e1 trabalhando para estabelecer uma base no local.<\/p>\n\n\n\n<p>Tamb\u00e9m coletamos dados ocasionalmente em locais como o Parque Nacional de Itabaiana, Chapada Diamantina e Boqueir\u00e3o da On\u00e7a.<\/p>","protected":false},"excerpt":{"rendered":"<p>At the moment, we are working continuously at four research sites: Serra da Capivara site has ongoing long-term research of several bearded capuchin groups (Sapajus libidinosus), mostly regarding tool use and social learning. The main primatologist working in that area, Dr. Tiago Fal\u00f3tico, is also one of the founders of NeoPReGo. Our primary goal for &hellip; <a href=\"https:\/\/www.neoprego.org\/pt_br\/research-sites-locais-de-pesquisa\/\" class=\"more-link\">Continue lendo <span class=\"screen-reader-text\">Locais<\/span><\/a><\/p>","protected":false},"author":1,"featured_media":0,"parent":0,"menu_order":0,"comment_status":"closed","ping_status":"closed","template":"","meta":{"footnotes":""},"tags":[52,79],"class_list":["post-82","page","type-page","status-publish","hentry","tag-locais","tag-sites","no-featured-image"],"jetpack_sharing_enabled":true,"_links":{"self":[{"href":"https:\/\/www.neoprego.org\/pt_br\/wp-json\/wp\/v2\/pages\/82","targetHints":{"allow":["GET"]}}],"collection":[{"href":"https:\/\/www.neoprego.org\/pt_br\/wp-json\/wp\/v2\/pages"}],"about":[{"href":"https:\/\/www.neoprego.org\/pt_br\/wp-json\/wp\/v2\/types\/page"}],"author":[{"embeddable":true,"href":"https:\/\/www.neoprego.org\/pt_br\/wp-json\/wp\/v2\/users\/1"}],"replies":[{"embeddable":true,"href":"https:\/\/www.neoprego.org\/pt_br\/wp-json\/wp\/v2\/comments?post=82"}],"version-history":[{"count":4,"href":"https:\/\/www.neoprego.org\/pt_br\/wp-json\/wp\/v2\/pages\/82\/revisions"}],"predecessor-version":[{"id":2263,"href":"https:\/\/www.neoprego.org\/pt_br\/wp-json\/wp\/v2\/pages\/82\/revisions\/2263"}],"wp:attachment":[{"href":"https:\/\/www.neoprego.org\/pt_br\/wp-json\/wp\/v2\/media?parent=82"}],"wp:term":[{"taxonomy":"post_tag","embeddable":true,"href":"https:\/\/www.neoprego.org\/pt_br\/wp-json\/wp\/v2\/tags?post=82"}],"curies":[{"name":"wp","href":"https:\/\/api.w.org\/{rel}","templated":true}]}}