{"id":316,"date":"2020-01-27T13:26:00","date_gmt":"2020-01-27T16:26:00","guid":{"rendered":"https:\/\/neoprego.wordpress.com\/?page_id=316"},"modified":"2025-11-30T17:03:27","modified_gmt":"2025-11-30T20:03:27","slug":"chapada-veadeiros","status":"publish","type":"page","link":"https:\/\/www.neoprego.org\/pt_br\/research-sites-locais-de-pesquisa\/chapada-veadeiros\/","title":{"rendered":"Chapada dos Veadeiros"},"content":{"rendered":"<div class=\"wp-block-image\">\n<figure class=\"alignright is-resized\"><img decoding=\"async\" src=\"https:\/\/neoprego.org\/wp-content\/uploads\/2024\/02\/862fafd0aab26af49645706509994774.jpg\" alt=\"Chapada dos Veadeiros\" class=\"wp-image-1675\" style=\"width:331px;height:auto\"\/><\/figure>\n<\/div>\n\n\n<p>A <a href=\"https:\/\/en.wikipedia.org\/wiki\/Chapada_dos_Veadeiros_National_Park\" target=\"_blank\" rel=\"noopener\">Parque Nacional Chapada dos Veadeiros<\/a>, <span class=\"Y2IQFc\" lang=\"en\">criado em 1961, protege uma \u00e1rea aproximada de 240.611 hectares e est\u00e1 inserido no bioma Cerrado, no estado de Goi\u00e1s, Brasil. Nesse parque, encontramos diversas forma\u00e7\u00f5es vegetais, centenas de nascentes e cursos d\u2019\u00e1gua, al\u00e9m de rochas com mais de um bilh\u00e3o de anos. <\/span><\/p>\n\n\n\n<p><span class=\"Y2IQFc\" lang=\"en\">Suas paisagens s\u00e3o de rara beleza, com fei\u00e7\u00f5es que se alteram ao longo do ano. O Parque tamb\u00e9m preserva \u00e1reas de antigos garimpos, fazendo parte da hist\u00f3ria local. Foi declarado Patrim\u00f4nio Mundial Natural em 2001 pela UNESCO. Al\u00e9m da conserva\u00e7\u00e3o da biodiversidade e geodiversidade, o parque tem como <\/span><span style=\"font-size: revert\">objetivos a pesquisa cient\u00edfica, a educa\u00e7\u00e3o ambiental e a visita\u00e7\u00e3o p\u00fablica. As caminhadas e banhos de cachoeira s\u00e3o as principais atividades no Parque, permitindo aos visitantes explorar as imensas paisagens da Chapada em uma viagem pelo Cerrado brasileiro em antigas rotas usadas por garimpeiros\n\nA fauna do parque \u00e9 diversificada e abriga uma riqueza de esp\u00e9cies adaptadas ao Cerrado, um dos biomas mais biodiversos do mundo. Os primatas que habitam a regi\u00e3o s\u00e3o os macacos-prego (<\/span><a style=\"font-size: revert\" href=\"https:\/\/en.wikipedia.org\/wiki\/Black-striped_capuchin\" target=\"_blank\" rel=\"noopener\"><em>Sapajus libidinosus<\/em><\/a><span style=\"font-size: revert\">), sagui-de-tufos-pretos (<\/span><a style=\"font-size: revert\" href=\"https:\/\/en.wikipedia.org\/wiki\/Black-tufted_marmoset\" target=\"_blank\" rel=\"noopener\"><em>Callithrix penicillata<\/em><\/a><span style=\"font-size: revert\">) e bugios (<\/span><a style=\"font-size: revert\" href=\"https:\/\/en.wikipedia.org\/wiki\/Black_howler\" target=\"_blank\" rel=\"noopener\"><em>Alouatta caraya<\/em><\/a><span style=\"font-size: revert\">).<\/span><\/p>\n\n\n<div class=\"wp-block-image\">\n<figure class=\"alignleft is-resized\"><img loading=\"lazy\" decoding=\"async\" width=\"2560\" height=\"1707\" src=\"https:\/\/neoprego.org\/wp-content\/uploads\/2024\/02\/img_6842.jpg\" alt=\"IMG_6842\" class=\"wp-image-1683\" style=\"width:356px;height:auto\" srcset=\"https:\/\/www.neoprego.org\/wp-content\/uploads\/2024\/02\/img_6842.jpg 2560w, https:\/\/www.neoprego.org\/wp-content\/uploads\/2024\/02\/img_6842-300x200.jpg 300w, https:\/\/www.neoprego.org\/wp-content\/uploads\/2024\/02\/img_6842-1024x683.jpg 1024w, https:\/\/www.neoprego.org\/wp-content\/uploads\/2024\/02\/img_6842-768x512.jpg 768w, https:\/\/www.neoprego.org\/wp-content\/uploads\/2024\/02\/img_6842-1536x1024.jpg 1536w, https:\/\/www.neoprego.org\/wp-content\/uploads\/2024\/02\/img_6842-2048x1366.jpg 2048w\" sizes=\"auto, (max-width: 2560px) 100vw, 2560px\" \/><\/figure>\n<\/div>\n\n\n<p><span class=\"Y2IQFc\" lang=\"en\">Como parte do <a href=\"https:\/\/www.neoprego.org\/pt_br\/projects-projetos\/capcult\/\">projeto Capcult<\/a>os pesquisadores da Neoprego realizaram um mapeamento de s\u00edtios de quebra de cocos em v\u00e1rias regi\u00f5es do parque em 2019. Por fim, encontraram um local na \u00e1rea rec\u00e9m-expandida do parque com grupos que usam com frequ\u00eancia ferramentas de pedra. Essa \u00e1rea na borda do parque pertence ao <a href=\"https:\/\/www.maririjunglelodge.com\/en\" target=\"_blank\" rel=\"noopener\">Mariri Jungle Lodge<\/a> e <a href=\"https:\/\/www.maririwildlifesanctuary.com\/\" target=\"_blank\" rel=\"noopener\">Santu\u00e1rio Silvestre Mariri<\/a>, que t\u00eam interesses alinhados com a Neoprego e d\u00e3o apoio log\u00edstico para nossas pesquisas. <\/span><\/p>\n\n\n<div class=\"wp-block-image\">\n<figure class=\"alignright is-resized\"><img loading=\"lazy\" decoding=\"async\" width=\"1778\" height=\"998\" src=\"https:\/\/neoprego.org\/wp-content\/uploads\/2024\/02\/screenshot-2024-02-09-at-19.04.56.png\" alt=\"Screenshot 2024-02-09 at 19.04.56\" class=\"wp-image-1716\" style=\"width:390px;height:auto\" srcset=\"https:\/\/www.neoprego.org\/wp-content\/uploads\/2024\/02\/screenshot-2024-02-09-at-19.04.56.png 1778w, https:\/\/www.neoprego.org\/wp-content\/uploads\/2024\/02\/screenshot-2024-02-09-at-19.04.56-300x168.png 300w, https:\/\/www.neoprego.org\/wp-content\/uploads\/2024\/02\/screenshot-2024-02-09-at-19.04.56-1024x575.png 1024w, https:\/\/www.neoprego.org\/wp-content\/uploads\/2024\/02\/screenshot-2024-02-09-at-19.04.56-768x431.png 768w, https:\/\/www.neoprego.org\/wp-content\/uploads\/2024\/02\/screenshot-2024-02-09-at-19.04.56-1536x862.png 1536w\" sizes=\"auto, (max-width: 1778px) 100vw, 1778px\" \/><\/figure>\n<\/div>\n\n\n<p><span class=\"Y2IQFc\" lang=\"en\">Nos anos seguintes, foram feitos acompanhamentos com armadilhas fotogr\u00e1ficas nos s\u00edtios de quebra da \u00e1rea do Mariri, onde acompanhamos o uso das ferramentas por longo prazo para entendermos as diferen\u00e7as entre popula\u00e7\u00f5es na quebra de cocos. Al\u00e9m disso, experimentos de campo para determinar se os macacos usam outros tipos de ferramentas tamb\u00e9m foram realizados aqui pela equipe Neoprego.<\/span><\/p>\n\n\n\n<figure class=\"wp-block-embed is-type-video is-provider-youtube wp-block-embed-youtube wp-embed-aspect-16-9 wp-has-aspect-ratio\"><div class=\"wp-block-embed__wrapper\">\n<iframe loading=\"lazy\" title=\"Capuchin monkeys cracking nut at Chapada dos Veadeiros\" width=\"712\" height=\"401\" src=\"https:\/\/www.youtube.com\/embed\/ourNDZ1fY0w?start=5&#038;feature=oembed\" frameborder=\"0\" allow=\"accelerometer; autoplay; clipboard-write; encrypted-media; gyroscope; picture-in-picture; web-share\" referrerpolicy=\"strict-origin-when-cross-origin\" allowfullscreen><\/iframe>\n<\/div><\/figure>\n\n\n\n<p><\/p>\n\n\n\n<p id=\"veadeiros-br\"><strong>REFER\u00caNCIAS<\/strong><\/p>\n\n\n\n<ul class=\"wp-block-list\">\n<li><a href=\"https:\/\/www.icmbio.gov.br\/parnachapadadosveadeiros\/\">https:\/\/www.icmbio.gov.br\/parnachapadadosveadeiros\/<\/a><\/li>\n\n\n\n<li>Fal\u00f3tico, T., Valen\u00e7a, T., Verderane, M. P., &amp; Foga\u00e7a, M. D. (2022). Stone tools differences across three capuchin monkey populations: food\u2019s physical properties, ecology, and culture.&nbsp;<em>Scientific Reports<\/em>,&nbsp;<em>12<\/em>(1), 14365. <a href=\"https:\/\/doi.org\/10.1038\/s41598-022-18661-3\" target=\"_blank\" rel=\"noreferrer noopener\">https:\/\/doi.org\/10.1038\/s41598-022-18661-3<\/a><\/li>\n<\/ul>","protected":false},"excerpt":{"rendered":"<p>Research on Butantan Institute<\/p>","protected":false},"author":1,"featured_media":1677,"parent":82,"menu_order":3,"comment_status":"closed","ping_status":"closed","template":"","meta":{"footnotes":""},"tags":[33,52,79],"class_list":["post-316","page","type-page","status-publish","has-post-thumbnail","hentry","tag-chapada-dos-veadeiros","tag-locais","tag-sites"],"jetpack_sharing_enabled":true,"_links":{"self":[{"href":"https:\/\/www.neoprego.org\/pt_br\/wp-json\/wp\/v2\/pages\/316","targetHints":{"allow":["GET"]}}],"collection":[{"href":"https:\/\/www.neoprego.org\/pt_br\/wp-json\/wp\/v2\/pages"}],"about":[{"href":"https:\/\/www.neoprego.org\/pt_br\/wp-json\/wp\/v2\/types\/page"}],"author":[{"embeddable":true,"href":"https:\/\/www.neoprego.org\/pt_br\/wp-json\/wp\/v2\/users\/1"}],"replies":[{"embeddable":true,"href":"https:\/\/www.neoprego.org\/pt_br\/wp-json\/wp\/v2\/comments?post=316"}],"version-history":[{"count":3,"href":"https:\/\/www.neoprego.org\/pt_br\/wp-json\/wp\/v2\/pages\/316\/revisions"}],"predecessor-version":[{"id":2256,"href":"https:\/\/www.neoprego.org\/pt_br\/wp-json\/wp\/v2\/pages\/316\/revisions\/2256"}],"up":[{"embeddable":true,"href":"https:\/\/www.neoprego.org\/pt_br\/wp-json\/wp\/v2\/pages\/82"}],"wp:featuredmedia":[{"embeddable":true,"href":"https:\/\/www.neoprego.org\/pt_br\/wp-json\/wp\/v2\/media\/1677"}],"wp:attachment":[{"href":"https:\/\/www.neoprego.org\/pt_br\/wp-json\/wp\/v2\/media?parent=316"}],"wp:term":[{"taxonomy":"post_tag","embeddable":true,"href":"https:\/\/www.neoprego.org\/pt_br\/wp-json\/wp\/v2\/tags?post=316"}],"curies":[{"name":"wp","href":"https:\/\/api.w.org\/{rel}","templated":true}]}}