{"id":29,"date":"2016-12-29T15:22:31","date_gmt":"2016-12-29T17:22:31","guid":{"rendered":"https:\/\/neoprego.wordpress.com\/?page_id=29"},"modified":"2025-11-30T12:42:23","modified_gmt":"2025-11-30T15:42:23","slug":"membros","status":"publish","type":"page","link":"https:\/\/www.neoprego.org\/pt_br\/membros\/","title":{"rendered":"Membros"},"content":{"rendered":"<p>A Neoprego tem \u00e9 composta por v\u00e1rios membros que trabalham para avan\u00e7ar a ciencia primatol\u00f3gica e a divulga\u00e7\u00e3o desses resultados tanto para a comunidade academica quanto para as pessoas leigas, principalmente as que vivem no entorno dos locais de pesquisa.<\/p>\n<p>Nossos membros s\u00e3o bi\u00f3logos, primat\u00f3logos, educadores, e outros profissionais que juntos formam essa assoscia\u00e7\u00e3o.<\/p>\n<h3><a href=\"https:\/\/neoprego.wordpress.com\/membros\/founding-members-membros-fundadores\/\">Founding members | Membros fundadores<\/a><\/h3>\n<h3><a href=\"https:\/\/neoprego.wordpress.com\/membros\/active-members-membros-efetivos\/\">Active members | Membros efetivos<\/a><\/h3>\n<h4><\/h4>","protected":false},"excerpt":{"rendered":"<p>A Neoprego tem \u00e9 composta por v\u00e1rios membros que trabalham para avan\u00e7ar a ciencia primatol\u00f3gica e a divulga\u00e7\u00e3o desses resultados tanto para a comunidade academica quanto para as pessoas leigas, principalmente as que vivem no entorno dos locais de pesquisa. Nossos membros s\u00e3o bi\u00f3logos, primat\u00f3logos, educadores, e outros profissionais que juntos formam essa assoscia\u00e7\u00e3o. Founding &hellip; <a href=\"https:\/\/www.neoprego.org\/pt_br\/membros\/\" class=\"more-link\">Continue lendo <span class=\"screen-reader-text\">Membros<\/span><\/a><\/p>","protected":false},"author":1,"featured_media":74,"parent":0,"menu_order":2,"comment_status":"closed","ping_status":"closed","template":"","meta":{"footnotes":""},"tags":[56,57,65,73],"class_list":["post-29","page","type-page","status-publish","has-post-thumbnail","hentry","tag-members","tag-membros","tag-pesquisadores","tag-researchers"],"jetpack_sharing_enabled":true,"_links":{"self":[{"href":"https:\/\/www.neoprego.org\/pt_br\/wp-json\/wp\/v2\/pages\/29","targetHints":{"allow":["GET"]}}],"collection":[{"href":"https:\/\/www.neoprego.org\/pt_br\/wp-json\/wp\/v2\/pages"}],"about":[{"href":"https:\/\/www.neoprego.org\/pt_br\/wp-json\/wp\/v2\/types\/page"}],"author":[{"embeddable":true,"href":"https:\/\/www.neoprego.org\/pt_br\/wp-json\/wp\/v2\/users\/1"}],"replies":[{"embeddable":true,"href":"https:\/\/www.neoprego.org\/pt_br\/wp-json\/wp\/v2\/comments?post=29"}],"version-history":[{"count":1,"href":"https:\/\/www.neoprego.org\/pt_br\/wp-json\/wp\/v2\/pages\/29\/revisions"}],"predecessor-version":[{"id":2207,"href":"https:\/\/www.neoprego.org\/pt_br\/wp-json\/wp\/v2\/pages\/29\/revisions\/2207"}],"wp:featuredmedia":[{"embeddable":true,"href":"https:\/\/www.neoprego.org\/pt_br\/wp-json\/wp\/v2\/media\/74"}],"wp:attachment":[{"href":"https:\/\/www.neoprego.org\/pt_br\/wp-json\/wp\/v2\/media?parent=29"}],"wp:term":[{"taxonomy":"post_tag","embeddable":true,"href":"https:\/\/www.neoprego.org\/pt_br\/wp-json\/wp\/v2\/tags?post=29"}],"curies":[{"name":"wp","href":"https:\/\/api.w.org\/{rel}","templated":true}]}}