{"id":2139,"date":"2016-12-29T08:18:51","date_gmt":"2016-12-29T11:18:51","guid":{"rendered":"https:\/\/neoprego.wordpress.com\/?page_id=4"},"modified":"2025-11-30T15:37:23","modified_gmt":"2025-11-30T18:37:23","slug":"donations-doacoes","status":"publish","type":"page","link":"https:\/\/www.neoprego.org\/pt_br\/donations-doacoes\/","title":{"rendered":"Doa\u00e7\u00f5es"},"content":{"rendered":"<p>Ficaremos agradecidos por qualquer doa\u00e7\u00e3o financeira para nossa organiza\u00e7\u00e3o.<\/p>\n\n\n\n<p>Atualmente recebemos doa\u00e7\u00f5es internacionais via <a href=\"https:\/\/www.paypal.com\/donate\/?hosted_button_id=75VSY9EHULG82\" target=\"_blank\" rel=\"noopener\">PayPal<\/a>.<\/p>\n\n\n<div class=\"wp-block-image\">\n<figure class=\"aligncenter\"><a href=\"https:\/\/www.paypal.com\/donate\/?hosted_button_id=75VSY9EHULG82\" target=\"_blank\" rel=\"noopener\"><img decoding=\"async\" src=\"https:\/\/neoprego.org\/wp-content\/uploads\/2021\/12\/btn_donatecc_lg.webp\" alt=\"\" class=\"wp-image-1341\"\/><\/a><\/figure>\n<\/div>\n\n\n<p>Se voc\u00ea tiver d\u00favidas, por favor, contate-nos pelo email (<a href=\"mailto:neoprego@neoprego.org\" target=\"_blank\" rel=\"noopener\">neoprego@neoprego.org<\/a>)<\/p>\n\n\n\n<hr class=\"wp-block-separator has-alpha-channel-opacity\"\/>\n\n\n\n<p>No Brasil recebemos doa\u00e7\u00f5es pelo sistema Pix.<\/p>\n\n\n\n<p class=\"has-text-align-center\"><a href=\"https:\/\/linkpix.pro\/Neoprego\/Sao_Paulo\/27924875000136\/_\/_\/ab77\" target=\"_blank\" rel=\"noreferrer noopener\"><img loading=\"lazy\" decoding=\"async\" width=\"209\" height=\"74\" class=\"alignnone  wp-image-1248\" src=\"https:\/\/neoprego.org\/wp-content\/uploads\/2021\/02\/logo_-_pix_powered_by_banco_central_brazil_2020.png\" alt=\"Logo_-_pix_powered_by_Banco_Central_(Brazil,_2020)\" srcset=\"https:\/\/www.neoprego.org\/wp-content\/uploads\/2021\/02\/logo_-_pix_powered_by_banco_central_brazil_2020.png 1200w, https:\/\/www.neoprego.org\/wp-content\/uploads\/2021\/02\/logo_-_pix_powered_by_banco_central_brazil_2020-300x106.png 300w, https:\/\/www.neoprego.org\/wp-content\/uploads\/2021\/02\/logo_-_pix_powered_by_banco_central_brazil_2020-1024x363.png 1024w, https:\/\/www.neoprego.org\/wp-content\/uploads\/2021\/02\/logo_-_pix_powered_by_banco_central_brazil_2020-768x272.png 768w\" sizes=\"auto, (max-width: 209px) 100vw, 209px\" \/><\/a>&nbsp; &nbsp;<\/p>\n\n\n\n<p class=\"has-text-align-center\"><strong>Chave CNPJ: 27.924.875\/0001-36<\/strong><\/p>","protected":false},"excerpt":{"rendered":"<p>Donation page<\/p>","protected":false},"author":1,"featured_media":218,"parent":0,"menu_order":3,"comment_status":"closed","ping_status":"closed","template":"","meta":{"footnotes":""},"tags":[37,40,41],"class_list":["post-2139","page","type-page","status-publish","has-post-thumbnail","hentry","tag-contact","tag-doacao","tag-donation"],"jetpack_sharing_enabled":false,"_links":{"self":[{"href":"https:\/\/www.neoprego.org\/pt_br\/wp-json\/wp\/v2\/pages\/2139","targetHints":{"allow":["GET"]}}],"collection":[{"href":"https:\/\/www.neoprego.org\/pt_br\/wp-json\/wp\/v2\/pages"}],"about":[{"href":"https:\/\/www.neoprego.org\/pt_br\/wp-json\/wp\/v2\/types\/page"}],"author":[{"embeddable":true,"href":"https:\/\/www.neoprego.org\/pt_br\/wp-json\/wp\/v2\/users\/1"}],"replies":[{"embeddable":true,"href":"https:\/\/www.neoprego.org\/pt_br\/wp-json\/wp\/v2\/comments?post=2139"}],"version-history":[{"count":4,"href":"https:\/\/www.neoprego.org\/pt_br\/wp-json\/wp\/v2\/pages\/2139\/revisions"}],"predecessor-version":[{"id":2224,"href":"https:\/\/www.neoprego.org\/pt_br\/wp-json\/wp\/v2\/pages\/2139\/revisions\/2224"}],"wp:featuredmedia":[{"embeddable":true,"href":"https:\/\/www.neoprego.org\/pt_br\/wp-json\/wp\/v2\/media\/218"}],"wp:attachment":[{"href":"https:\/\/www.neoprego.org\/pt_br\/wp-json\/wp\/v2\/media?parent=2139"}],"wp:term":[{"taxonomy":"post_tag","embeddable":true,"href":"https:\/\/www.neoprego.org\/pt_br\/wp-json\/wp\/v2\/tags?post=2139"}],"curies":[{"name":"wp","href":"https:\/\/api.w.org\/{rel}","templated":true}]}}