{"id":2138,"date":"2016-12-29T08:18:52","date_gmt":"2016-12-29T11:18:52","guid":{"rendered":"https:\/\/neoprego.wordpress.com\/?page_id=3"},"modified":"2025-12-04T20:19:28","modified_gmt":"2025-12-04T23:19:28","slug":"about","status":"publish","type":"page","link":"https:\/\/www.neoprego.org\/pt_br\/about\/","title":{"rendered":"Sobre"},"content":{"rendered":"<p>A <b>Neotropical Primates Research Group<\/b> \u00e9 uma associa\u00e7\u00e3o sem fins lucrativos fundada por quatro bi\u00f3logos de campo que notaram a falta de suporte para pesquisa de campo primatol\u00f3gica de longa dura\u00e7\u00e3o no Brasil, e tamb\u00e9m perceberam o pouco envolvimento das comunidades locais na pesquisa e prote\u00e7\u00e3o de primatas selvagens. Para ajudar a melhorar a qualidade da pesquisa cient\u00edfica e aumentar o envolvimento das comunidades locais, criamos esta organiza\u00e7\u00e3o.<\/p>\n\n\n\n<p>Os objetivos principais do NeoPReGo s\u00e3o:<\/p>\n\n\n\n<ul class=\"wp-block-list\">\n<li>Support &nbsp;research on Neotropical Primates<\/li>\n\n\n\n<li>Manter pesquisa de longa dura\u00e7\u00e3o em diversos locais<\/li>\n\n\n\n<li>Estabelecer uma rede de colabora\u00e7\u00e3o confi\u00e1vel para ci\u00eancia e educa\u00e7\u00e3o ambiental<\/li>\n\n\n\n<li>Incluir a comunidade local na produ\u00e7\u00e3o de ci\u00eancia de alta qualidade<\/li>\n<\/ul>\n\n\n\n<p>Agradecemos aqueles que j\u00e1 se agregaram ao time e que contribu\u00edram para o constru\u00e7\u00e3o desse sonho, e convidamos outros a participar deste grupo.<\/p>\n\n\n\n<p>A associa\u00e7\u00e3o foi fundada em 12\/2016 e o\u00a0<a href=\"https:\/\/www.neoprego.org\/wp-content\/uploads\/2017\/06\/estatuto_2016_final-corrigido.pdf\" data-type=\"link\" data-id=\"https:\/\/neoprego.org\/wp-content\/uploads\/estatuto_2016_final-corrigido.pdf\" target=\"_blank\" rel=\"noreferrer noopener\">estatuto<\/a>\u00a0was registered on June\/2017. Our Federal Revenue ID is\u00a027.924.875\/0001-36.<\/p>\n\n\n\n<p>Nossa diretoria atual (2025-2026) \u00e9 composta por:<\/p>\n\n\n\n<ul class=\"wp-block-list\">\n<li><strong>Presidente<\/strong>: Dr. Tiago Fal\u00f3tico<\/li>\n\n\n\n<li><strong>Vice-presidente<\/strong>: Dr. Michele Pereira Verderane<\/li>\n\n\n\n<li><strong>1\u00ba Secret\u00e1ria<\/strong>: Dr. Tatiane Valen\u00e7a<\/li>\n\n\n\n<li><strong>2\u00aa Secret\u00e1ria<\/strong>: Gabriela de Oliveira Affon\u00e7o<\/li>\n\n\n\n<li><strong>1\u00ba Tesoureiro<\/strong>: Dr. Paulo Henrique M. Coutinho<\/li>\n\n\n\n<li><strong>2\u00ba Tesoureiro<\/strong>:&nbsp;MSc. Henrique Pereira Rufo<\/li>\n<\/ul>","protected":false},"excerpt":{"rendered":"<p>Information about our organization<\/p>","protected":false},"author":1,"featured_media":158,"parent":0,"menu_order":1,"comment_status":"closed","ping_status":"closed","template":"","meta":{"footnotes":""},"tags":[24,47,50,60],"class_list":["post-2138","page","type-page","status-publish","has-post-thumbnail","hentry","tag-aims","tag-goals","tag-institucional","tag-objetivos"],"jetpack_sharing_enabled":false,"_links":{"self":[{"href":"https:\/\/www.neoprego.org\/pt_br\/wp-json\/wp\/v2\/pages\/2138","targetHints":{"allow":["GET"]}}],"collection":[{"href":"https:\/\/www.neoprego.org\/pt_br\/wp-json\/wp\/v2\/pages"}],"about":[{"href":"https:\/\/www.neoprego.org\/pt_br\/wp-json\/wp\/v2\/types\/page"}],"author":[{"embeddable":true,"href":"https:\/\/www.neoprego.org\/pt_br\/wp-json\/wp\/v2\/users\/1"}],"replies":[{"embeddable":true,"href":"https:\/\/www.neoprego.org\/pt_br\/wp-json\/wp\/v2\/comments?post=2138"}],"version-history":[{"count":4,"href":"https:\/\/www.neoprego.org\/pt_br\/wp-json\/wp\/v2\/pages\/2138\/revisions"}],"predecessor-version":[{"id":2287,"href":"https:\/\/www.neoprego.org\/pt_br\/wp-json\/wp\/v2\/pages\/2138\/revisions\/2287"}],"wp:featuredmedia":[{"embeddable":true,"href":"https:\/\/www.neoprego.org\/pt_br\/wp-json\/wp\/v2\/media\/158"}],"wp:attachment":[{"href":"https:\/\/www.neoprego.org\/pt_br\/wp-json\/wp\/v2\/media?parent=2138"}],"wp:term":[{"taxonomy":"post_tag","embeddable":true,"href":"https:\/\/www.neoprego.org\/pt_br\/wp-json\/wp\/v2\/tags?post=2138"}],"curies":[{"name":"wp","href":"https:\/\/api.w.org\/{rel}","templated":true}]}}