{"id":2137,"date":"2016-12-29T08:18:53","date_gmt":"2016-12-29T11:18:53","guid":{"rendered":"https:\/\/neoprego.wordpress.com\/?page_id=2"},"modified":"2025-11-30T15:27:45","modified_gmt":"2025-11-30T18:27:45","slug":"pagina-inicial","status":"publish","type":"page","link":"https:\/\/www.neoprego.org\/pt_br\/","title":{"rendered":"Home"},"content":{"rendered":"<p>A <b>Neotropical Primates Research Group<\/b> (NeoPReGo) \u00e9 uma organiza\u00e7\u00e3o que apoia pesquisa de campo e educa\u00e7\u00e3o ambiental sobre primatas neotropicais.<\/p>","protected":false},"excerpt":{"rendered":"<p>Esse \u00e9 o resumo da p\u00e1gina inicial<\/p>","protected":false},"author":1,"featured_media":0,"parent":0,"menu_order":0,"comment_status":"closed","ping_status":"closed","template":"","meta":{"footnotes":""},"tags":[],"class_list":["post-2137","page","type-page","status-publish","hentry","no-featured-image"],"jetpack_sharing_enabled":false,"_links":{"self":[{"href":"https:\/\/www.neoprego.org\/pt_br\/wp-json\/wp\/v2\/pages\/2137","targetHints":{"allow":["GET"]}}],"collection":[{"href":"https:\/\/www.neoprego.org\/pt_br\/wp-json\/wp\/v2\/pages"}],"about":[{"href":"https:\/\/www.neoprego.org\/pt_br\/wp-json\/wp\/v2\/types\/page"}],"author":[{"embeddable":true,"href":"https:\/\/www.neoprego.org\/pt_br\/wp-json\/wp\/v2\/users\/1"}],"replies":[{"embeddable":true,"href":"https:\/\/www.neoprego.org\/pt_br\/wp-json\/wp\/v2\/comments?post=2137"}],"version-history":[{"count":1,"href":"https:\/\/www.neoprego.org\/pt_br\/wp-json\/wp\/v2\/pages\/2137\/revisions"}],"predecessor-version":[{"id":2220,"href":"https:\/\/www.neoprego.org\/pt_br\/wp-json\/wp\/v2\/pages\/2137\/revisions\/2220"}],"wp:attachment":[{"href":"https:\/\/www.neoprego.org\/pt_br\/wp-json\/wp\/v2\/media?parent=2137"}],"wp:term":[{"taxonomy":"post_tag","embeddable":true,"href":"https:\/\/www.neoprego.org\/pt_br\/wp-json\/wp\/v2\/tags?post=2137"}],"curies":[{"name":"wp","href":"https:\/\/api.w.org\/{rel}","templated":true}]}}