{"id":2077,"date":"2025-08-04T15:50:39","date_gmt":"2025-08-04T18:50:39","guid":{"rendered":"https:\/\/neoprego.wordpress.com\/?page_id=2077"},"modified":"2025-11-30T16:14:01","modified_gmt":"2025-11-30T19:14:01","slug":"courses-cursos","status":"publish","type":"page","link":"https:\/\/www.neoprego.org\/pt_br\/courses-cursos\/","title":{"rendered":"Cursos"},"content":{"rendered":"<p>A Neoprego est\u00e1 empenhada na participa\u00e7\u00e3o e organiza\u00e7\u00e3o de cursos e aulas sobre comportamento animal, primatologia e assuntos afins. Abaixo alguns dos cursos que j\u00e1 participamos ou organizamos.<\/p>\n\n\n\n<hr class=\"wp-block-separator has-alpha-channel-opacity\"\/>\n\n\n\n<div class=\"wp-block-group alignfull is-style-default is-content-justification-center\" style=\"margin-top:0;margin-bottom:0;padding-top:var(--wp--preset--spacing--50);padding-bottom:var(--wp--preset--spacing--50)\"><div class=\"wp-block-group__inner-container is-layout-constrained wp-block-group-is-layout-constrained\">\n<div class=\"wp-block-columns alignwide is-layout-flex wp-container-core-columns-is-layout-b0e66f64 wp-block-columns-is-layout-flex\">\n<div class=\"wp-block-column is-layout-flow wp-block-column-is-layout-flow\">\n<div class=\"wp-block-group\"><div class=\"wp-block-group__inner-container is-layout-flow wp-block-group-is-layout-flow\">\n<figure class=\"wp-block-image size-large wp-duotone-unset-1\"><img loading=\"lazy\" decoding=\"async\" width=\"2048\" height=\"2048\" src=\"https:\/\/neoprego.wordpress.com\/wp-content\/uploads\/2025\/08\/gemini_generated_image_nptp7knptp7knptp.jpg?w=1024\" alt=\"\" class=\"wp-image-2086\" style=\"aspect-ratio:4\/3;object-fit:cover\" srcset=\"https:\/\/www.neoprego.org\/wp-content\/uploads\/2025\/08\/gemini_generated_image_nptp7knptp7knptp.jpg 2048w, https:\/\/www.neoprego.org\/wp-content\/uploads\/2025\/08\/gemini_generated_image_nptp7knptp7knptp-300x300.jpg 300w, https:\/\/www.neoprego.org\/wp-content\/uploads\/2025\/08\/gemini_generated_image_nptp7knptp7knptp-1024x1024.jpg 1024w, https:\/\/www.neoprego.org\/wp-content\/uploads\/2025\/08\/gemini_generated_image_nptp7knptp7knptp-150x150.jpg 150w, https:\/\/www.neoprego.org\/wp-content\/uploads\/2025\/08\/gemini_generated_image_nptp7knptp7knptp-768x768.jpg 768w, https:\/\/www.neoprego.org\/wp-content\/uploads\/2025\/08\/gemini_generated_image_nptp7knptp7knptp-1536x1536.jpg 1536w\" sizes=\"auto, (max-width: 2048px) 100vw, 2048px\" \/><\/figure>\n\n\n\n<h3 class=\"wp-block-heading is-event-name\">Mulheres e Fauna Terrestre: capacita\u00e7\u00e3o para invent\u00e1rio e monitoramento \u2013 II Edi\u00e7\u00e3o \u2013 2025<\/h3>\n\n\n\n<p>O objetivo \u00e9 ampliar a participa\u00e7\u00e3o feminina em atividades de campo, promovendo inclus\u00e3o e equidade no setor, preparando futuras profissionais, com foco em estudantes e rec\u00e9m-formadas em Ci\u00eancias Biol\u00f3gicas, para atua\u00e7\u00e3o qualificada em pesquisa, consultorias e servi\u00e7os ambientais.<\/p>\n\n\n\n<div class=\"wp-block-buttons is-layout-flex wp-block-buttons-is-layout-flex\">\n<div class=\"wp-block-button\"><a class=\"wp-block-button__link wp-element-button\">INSCRI\u00c7\u00c3O<\/a><\/div>\n\n\n\n<div class=\"wp-block-button is-style-outline is-style-outline--2\"><a class=\"wp-block-button__link wp-element-button\" href=\"https:\/\/www.neoprego.org\/pt_br\/mulheres-fauna-terrestre-2025\/\">INFORMA\u00c7\u00c3O<\/a><\/div>\n<\/div>\n<\/div><\/div>\n<\/div>\n\n\n\n<div class=\"wp-block-column is-layout-flow wp-block-column-is-layout-flow\"><\/div>\n<\/div>\n<\/div><\/div>\n\n\n\n<p><\/p>","protected":false},"excerpt":{"rendered":"<p>Neoprego is committed to participating in and organizing courses and classes on animal behavior, primatology, and related subjects. Below are some of the courses we have already attended or organized. Women and Terrestrial Fauna: Inventory and monitoring training &#8211; II Edition &#8211; 2025 The objective is to expand women&#8217;s participation in field activities, promoting inclusion &hellip; <a href=\"https:\/\/www.neoprego.org\/pt_br\/courses-cursos\/\" class=\"more-link\">Continue lendo <span class=\"screen-reader-text\">Cursos<\/span><\/a><\/p>","protected":false},"author":1,"featured_media":0,"parent":0,"menu_order":0,"comment_status":"closed","ping_status":"closed","template":"","meta":{"footnotes":""},"tags":[],"class_list":["post-2077","page","type-page","status-publish","hentry","no-featured-image"],"jetpack_sharing_enabled":true,"_links":{"self":[{"href":"https:\/\/www.neoprego.org\/pt_br\/wp-json\/wp\/v2\/pages\/2077","targetHints":{"allow":["GET"]}}],"collection":[{"href":"https:\/\/www.neoprego.org\/pt_br\/wp-json\/wp\/v2\/pages"}],"about":[{"href":"https:\/\/www.neoprego.org\/pt_br\/wp-json\/wp\/v2\/types\/page"}],"author":[{"embeddable":true,"href":"https:\/\/www.neoprego.org\/pt_br\/wp-json\/wp\/v2\/users\/1"}],"replies":[{"embeddable":true,"href":"https:\/\/www.neoprego.org\/pt_br\/wp-json\/wp\/v2\/comments?post=2077"}],"version-history":[{"count":3,"href":"https:\/\/www.neoprego.org\/pt_br\/wp-json\/wp\/v2\/pages\/2077\/revisions"}],"predecessor-version":[{"id":2237,"href":"https:\/\/www.neoprego.org\/pt_br\/wp-json\/wp\/v2\/pages\/2077\/revisions\/2237"}],"wp:attachment":[{"href":"https:\/\/www.neoprego.org\/pt_br\/wp-json\/wp\/v2\/media?parent=2077"}],"wp:term":[{"taxonomy":"post_tag","embeddable":true,"href":"https:\/\/www.neoprego.org\/pt_br\/wp-json\/wp\/v2\/tags?post=2077"}],"curies":[{"name":"wp","href":"https:\/\/api.w.org\/{rel}","templated":true}]}}