{"id":2073,"date":"2025-08-12T21:44:44","date_gmt":"2025-08-13T00:44:44","guid":{"rendered":"https:\/\/neoprego.org\/?page_id=2073"},"modified":"2025-08-12T21:44:44","modified_gmt":"2025-08-13T00:44:44","slug":"mulheres-fauna-terrestre-2025","status":"publish","type":"page","link":"https:\/\/www.neoprego.org\/pt_br\/mulheres-fauna-terrestre-2025\/","title":{"rendered":"Mulheres e fauna terrestre: capacita\u00e7\u00e3o para invent\u00e1rio e monitoramento &#8211; II Edi\u00e7\u00e3o"},"content":{"rendered":"<p>O projeto <a href=\"https:\/\/www.instagram.com\/mulheresefaunaterrestre\/\" target=\"_blank\" rel=\"noreferrer noopener\">\u201cMulheres e Fauna Terrestre \u2013 Monitoramento e Invent\u00e1rio\u201d<\/a> \u00e9 uma iniciativa nacional, gratuita, voltada \u00e0 redu\u00e7\u00e3o do vi\u00e9s de g\u00eanero e \u00e0 amplia\u00e7\u00e3o da participa\u00e7\u00e3o feminina em atividades de monitoramento e invent\u00e1rio da fauna terrestre brasileira.<\/p>\n\n\n\n<figure class=\"wp-block-image size-large is-resized is-style-default\"><img loading=\"lazy\" decoding=\"async\" width=\"1200\" height=\"675\" src=\"https:\/\/neoprego.wordpress.com\/wp-content\/uploads\/2025\/08\/2024_3-edited.png\" alt=\"\" class=\"wp-image-2105\" style=\"width:688px;height:auto\" srcset=\"https:\/\/www.neoprego.org\/wp-content\/uploads\/2025\/08\/2024_3-edited.png 1200w, https:\/\/www.neoprego.org\/wp-content\/uploads\/2025\/08\/2024_3-edited-300x169.png 300w, https:\/\/www.neoprego.org\/wp-content\/uploads\/2025\/08\/2024_3-edited-1024x576.png 1024w, https:\/\/www.neoprego.org\/wp-content\/uploads\/2025\/08\/2024_3-edited-768x432.png 768w\" sizes=\"auto, (max-width: 1200px) 100vw, 1200px\" \/><\/figure>\n\n\n\n<p>O coletivo \u00e9 formado exclusivamente por mulheres que promovem cursos, palestras e conte\u00fados educativos, com o objetivo de fortalecer a forma\u00e7\u00e3o t\u00e9cnica e cient\u00edfica de mulheres e fomentar seu engajamento em pautas ambientais. Nosso grande prop\u00f3sito \u00e9 democratizar e expandir a participa\u00e7\u00e3o feminina em atividades de campo, como pesquisas, consultorias, assessorias e outros trabalhos relacionados ao meio ambiente.&nbsp;<\/p>\n\n\n\n<p>Al\u00e9m disso, buscamos criar uma rede de conex\u00f5es entre estudantes, pesquisadoras, profissionais da \u00e1rea ambiental, representantes de ONGs e outras agentes, a fim de fortalecer a presen\u00e7a e atua\u00e7\u00e3o das mulheres em espa\u00e7os historicamente pouco acess\u00edveis a elas.<\/p>\n\n\n\n<p>Para isso, estamos organizando, em conjunto com a <strong>NeoPReGo<\/strong>, a II Edi\u00e7\u00e3o do curso Mulheres e Fauna Terrestre &#8211; Monitoramento e Invent\u00e1rio. Ser\u00e3o 60 horas de forma\u00e7\u00e3o te\u00f3rico-pr\u00e1tica, ministradas por especialistas de institui\u00e7\u00f5es renomadas como o Instituto Butantan, Instituto Nacional da Mata Atl\u00e2ntica, entre outras.&nbsp;<\/p>\n\n\n\n<div class=\"wp-block-jetpack-slideshow aligncenter\" data-effect=\"slide\"><div class=\"wp-block-jetpack-slideshow_container swiper\"><ul class=\"wp-block-jetpack-slideshow_swiper-wrapper swiper-wrapper\"><li class=\"wp-block-jetpack-slideshow_slide swiper-slide\"><figure><img loading=\"lazy\" decoding=\"async\" width=\"1800\" height=\"2238\" alt=\"\" class=\"wp-block-jetpack-slideshow_image wp-image-2109\" data-id=\"2109\" src=\"https:\/\/neoprego.wordpress.com\/wp-content\/uploads\/2025\/08\/513171ed-7499-4dac-b565-bcb076ce979c.jpg?w=824\" srcset=\"https:\/\/www.neoprego.org\/wp-content\/uploads\/2025\/08\/513171ed-7499-4dac-b565-bcb076ce979c.jpg 1800w, https:\/\/www.neoprego.org\/wp-content\/uploads\/2025\/08\/513171ed-7499-4dac-b565-bcb076ce979c-241x300.jpg 241w, https:\/\/www.neoprego.org\/wp-content\/uploads\/2025\/08\/513171ed-7499-4dac-b565-bcb076ce979c-824x1024.jpg 824w, https:\/\/www.neoprego.org\/wp-content\/uploads\/2025\/08\/513171ed-7499-4dac-b565-bcb076ce979c-768x955.jpg 768w, https:\/\/www.neoprego.org\/wp-content\/uploads\/2025\/08\/513171ed-7499-4dac-b565-bcb076ce979c-1235x1536.jpg 1235w, https:\/\/www.neoprego.org\/wp-content\/uploads\/2025\/08\/513171ed-7499-4dac-b565-bcb076ce979c-1647x2048.jpg 1647w\" sizes=\"(max-width: 1800px) 100vw, 1800px\" \/><\/figure><\/li><li class=\"wp-block-jetpack-slideshow_slide swiper-slide\"><figure><img loading=\"lazy\" decoding=\"async\" width=\"1800\" height=\"2238\" alt=\"\" class=\"wp-block-jetpack-slideshow_image wp-image-2110\" data-id=\"2110\" src=\"https:\/\/neoprego.wordpress.com\/wp-content\/uploads\/2025\/08\/1d43e0c2-a51b-4527-809e-77285f92b77d.jpg?w=824\" srcset=\"https:\/\/www.neoprego.org\/wp-content\/uploads\/2025\/08\/1d43e0c2-a51b-4527-809e-77285f92b77d.jpg 1800w, https:\/\/www.neoprego.org\/wp-content\/uploads\/2025\/08\/1d43e0c2-a51b-4527-809e-77285f92b77d-241x300.jpg 241w, https:\/\/www.neoprego.org\/wp-content\/uploads\/2025\/08\/1d43e0c2-a51b-4527-809e-77285f92b77d-824x1024.jpg 824w, https:\/\/www.neoprego.org\/wp-content\/uploads\/2025\/08\/1d43e0c2-a51b-4527-809e-77285f92b77d-768x955.jpg 768w, https:\/\/www.neoprego.org\/wp-content\/uploads\/2025\/08\/1d43e0c2-a51b-4527-809e-77285f92b77d-1235x1536.jpg 1235w, https:\/\/www.neoprego.org\/wp-content\/uploads\/2025\/08\/1d43e0c2-a51b-4527-809e-77285f92b77d-1647x2048.jpg 1647w\" sizes=\"(max-width: 1800px) 100vw, 1800px\" \/><\/figure><\/li><li class=\"wp-block-jetpack-slideshow_slide swiper-slide\"><figure><img loading=\"lazy\" decoding=\"async\" width=\"1800\" height=\"2238\" alt=\"\" class=\"wp-block-jetpack-slideshow_image wp-image-2111\" data-id=\"2111\" src=\"https:\/\/neoprego.wordpress.com\/wp-content\/uploads\/2025\/08\/85307aa7-1b26-4791-ae5d-556dc234b3c1.jpg?w=824\" srcset=\"https:\/\/www.neoprego.org\/wp-content\/uploads\/2025\/08\/85307aa7-1b26-4791-ae5d-556dc234b3c1.jpg 1800w, https:\/\/www.neoprego.org\/wp-content\/uploads\/2025\/08\/85307aa7-1b26-4791-ae5d-556dc234b3c1-241x300.jpg 241w, https:\/\/www.neoprego.org\/wp-content\/uploads\/2025\/08\/85307aa7-1b26-4791-ae5d-556dc234b3c1-824x1024.jpg 824w, https:\/\/www.neoprego.org\/wp-content\/uploads\/2025\/08\/85307aa7-1b26-4791-ae5d-556dc234b3c1-768x955.jpg 768w, https:\/\/www.neoprego.org\/wp-content\/uploads\/2025\/08\/85307aa7-1b26-4791-ae5d-556dc234b3c1-1235x1536.jpg 1235w, https:\/\/www.neoprego.org\/wp-content\/uploads\/2025\/08\/85307aa7-1b26-4791-ae5d-556dc234b3c1-1647x2048.jpg 1647w\" sizes=\"(max-width: 1800px) 100vw, 1800px\" \/><\/figure><\/li><li class=\"wp-block-jetpack-slideshow_slide swiper-slide\"><figure><img loading=\"lazy\" decoding=\"async\" width=\"1800\" height=\"2238\" alt=\"\" class=\"wp-block-jetpack-slideshow_image wp-image-2112\" data-id=\"2112\" src=\"https:\/\/neoprego.wordpress.com\/wp-content\/uploads\/2025\/08\/89f02e69-0233-434b-a248-2690116446f6.jpg?w=824\" srcset=\"https:\/\/www.neoprego.org\/wp-content\/uploads\/2025\/08\/89f02e69-0233-434b-a248-2690116446f6.jpg 1800w, https:\/\/www.neoprego.org\/wp-content\/uploads\/2025\/08\/89f02e69-0233-434b-a248-2690116446f6-241x300.jpg 241w, https:\/\/www.neoprego.org\/wp-content\/uploads\/2025\/08\/89f02e69-0233-434b-a248-2690116446f6-824x1024.jpg 824w, https:\/\/www.neoprego.org\/wp-content\/uploads\/2025\/08\/89f02e69-0233-434b-a248-2690116446f6-768x955.jpg 768w, https:\/\/www.neoprego.org\/wp-content\/uploads\/2025\/08\/89f02e69-0233-434b-a248-2690116446f6-1235x1536.jpg 1235w, https:\/\/www.neoprego.org\/wp-content\/uploads\/2025\/08\/89f02e69-0233-434b-a248-2690116446f6-1647x2048.jpg 1647w\" sizes=\"(max-width: 1800px) 100vw, 1800px\" \/><\/figure><\/li><li class=\"wp-block-jetpack-slideshow_slide swiper-slide\"><figure><img loading=\"lazy\" decoding=\"async\" width=\"1800\" height=\"2238\" alt=\"\" class=\"wp-block-jetpack-slideshow_image wp-image-2113\" data-id=\"2113\" src=\"https:\/\/neoprego.wordpress.com\/wp-content\/uploads\/2025\/08\/37927ef7-945b-4fcf-8abb-a4db5c888782.jpg?w=824\" srcset=\"https:\/\/www.neoprego.org\/wp-content\/uploads\/2025\/08\/37927ef7-945b-4fcf-8abb-a4db5c888782.jpg 1800w, https:\/\/www.neoprego.org\/wp-content\/uploads\/2025\/08\/37927ef7-945b-4fcf-8abb-a4db5c888782-241x300.jpg 241w, https:\/\/www.neoprego.org\/wp-content\/uploads\/2025\/08\/37927ef7-945b-4fcf-8abb-a4db5c888782-824x1024.jpg 824w, https:\/\/www.neoprego.org\/wp-content\/uploads\/2025\/08\/37927ef7-945b-4fcf-8abb-a4db5c888782-768x955.jpg 768w, https:\/\/www.neoprego.org\/wp-content\/uploads\/2025\/08\/37927ef7-945b-4fcf-8abb-a4db5c888782-1235x1536.jpg 1235w, https:\/\/www.neoprego.org\/wp-content\/uploads\/2025\/08\/37927ef7-945b-4fcf-8abb-a4db5c888782-1647x2048.jpg 1647w\" sizes=\"(max-width: 1800px) 100vw, 1800px\" \/><\/figure><\/li><li class=\"wp-block-jetpack-slideshow_slide swiper-slide\"><figure><img loading=\"lazy\" decoding=\"async\" width=\"1800\" height=\"2238\" alt=\"\" class=\"wp-block-jetpack-slideshow_image wp-image-2114\" data-id=\"2114\" src=\"https:\/\/neoprego.wordpress.com\/wp-content\/uploads\/2025\/08\/0bfb8866-e58b-4a2f-a8d5-dbfc9c1d6529.jpg?w=824\" srcset=\"https:\/\/www.neoprego.org\/wp-content\/uploads\/2025\/08\/0bfb8866-e58b-4a2f-a8d5-dbfc9c1d6529.jpg 1800w, https:\/\/www.neoprego.org\/wp-content\/uploads\/2025\/08\/0bfb8866-e58b-4a2f-a8d5-dbfc9c1d6529-241x300.jpg 241w, https:\/\/www.neoprego.org\/wp-content\/uploads\/2025\/08\/0bfb8866-e58b-4a2f-a8d5-dbfc9c1d6529-824x1024.jpg 824w, https:\/\/www.neoprego.org\/wp-content\/uploads\/2025\/08\/0bfb8866-e58b-4a2f-a8d5-dbfc9c1d6529-768x955.jpg 768w, https:\/\/www.neoprego.org\/wp-content\/uploads\/2025\/08\/0bfb8866-e58b-4a2f-a8d5-dbfc9c1d6529-1235x1536.jpg 1235w, https:\/\/www.neoprego.org\/wp-content\/uploads\/2025\/08\/0bfb8866-e58b-4a2f-a8d5-dbfc9c1d6529-1647x2048.jpg 1647w\" sizes=\"(max-width: 1800px) 100vw, 1800px\" \/><\/figure><\/li><\/ul><a class=\"wp-block-jetpack-slideshow_button-prev swiper-button-prev swiper-button-white\" role=\"button\"><\/a><a class=\"wp-block-jetpack-slideshow_button-next swiper-button-next swiper-button-white\" role=\"button\"><\/a><a aria-label=\"Pause Slideshow\" class=\"wp-block-jetpack-slideshow_button-pause\" role=\"button\"><\/a><div class=\"wp-block-jetpack-slideshow_pagination swiper-pagination swiper-pagination-white\"><\/div><\/div><\/div>\n\n\n\n<h2 class=\"wp-block-heading\">Datas<\/h2>\n\n\n\n<p>As aulas te\u00f3ricas acontecer\u00e3o entre os dias 20\/09\/2025 e 01\/11\/2025, todos os s\u00e1bados, e as aulas pr\u00e1ticas ser\u00e3o entre 10 e 16\/11\/2025, em uma \u00e1rea natural do estado de S\u00e3o Paulo <em>(local a confirmar).<\/em><\/p>\n\n\n\n<h2 class=\"wp-block-heading\">Inscri\u00e7\u00f5es <\/h2>\n\n\n\n<p>As <span style=\"text-decoration: underline\">incri\u00e7\u00f5es para a etapa te\u00f3rica<\/span> podem ser feitas por este formu\u00e1rio: <a href=\"https:\/\/forms.gle\/FShxU4Ln69QMvYND7\" target=\"_blank\" rel=\"noreferrer noopener\">https:\/\/forms.gle\/FShxU4Ln69QMvYND7<\/a><\/p>\n\n\n\n<p>O regulamento do curso pode ser consultado <a href=\"https:\/\/drive.google.com\/file\/d\/1rHe10_WpfL1k4sWg2nJEUkHeH-gpdoI0\/view?usp=sharing\" target=\"_blank\" rel=\"noreferrer noopener\">aqui<\/a>.<\/p>\n\n\n\n<h2 class=\"wp-block-heading\">Estrutura do Curso<\/h2>\n\n\n<div class=\"wp-block-image is-style-default\">\n<figure class=\"alignright size-large is-resized\"><img loading=\"lazy\" decoding=\"async\" width=\"1200\" height=\"1600\" src=\"https:\/\/neoprego.wordpress.com\/wp-content\/uploads\/2025\/08\/2024_8.png?w=768\" alt=\"\" class=\"wp-image-2102\" style=\"aspect-ratio:0.7500040465515287;width:238px;height:auto\" srcset=\"https:\/\/www.neoprego.org\/wp-content\/uploads\/2025\/08\/2024_8.png 1200w, https:\/\/www.neoprego.org\/wp-content\/uploads\/2025\/08\/2024_8-225x300.png 225w, https:\/\/www.neoprego.org\/wp-content\/uploads\/2025\/08\/2024_8-768x1024.png 768w, https:\/\/www.neoprego.org\/wp-content\/uploads\/2025\/08\/2024_8-1152x1536.png 1152w\" sizes=\"auto, (max-width: 1200px) 100vw, 1200px\" \/><\/figure>\n<\/div>\n\n\n<p>Nossa grade curricular abrange temas essenciais para o trabalho com fauna terrestre, como:<\/p>\n\n\n\n<ul class=\"wp-block-list\">\n<li>Introdu\u00e7\u00e3o sobre os conceitos de invent\u00e1rio e monitoramento<\/li>\n\n\n\n<li>Legisla\u00e7\u00e3o ambiental vigente<\/li>\n\n\n\n<li>Licen\u00e7as e registros obrigat\u00f3rios<\/li>\n\n\n\n<li>Biologia b\u00e1sica de organismos terrestres<\/li>\n\n\n\n<li>Metodologias de monitoramento<\/li>\n\n\n\n<li>T\u00e9cnicas de manuseio invasivas e n\u00e3o-invasivas<\/li>\n\n\n\n<li>Princ\u00edpios de manejo de fauna<\/li>\n<\/ul>\n\n\n\n<p>Damos \u00eanfase a cinco grandes \u00e1reas da biologia:<\/p>\n\n\n\n<ul class=\"wp-block-list\">\n<li>Entomologia<\/li>\n\n\n\n<li>Herpetologia<\/li>\n\n\n\n<li>Mastozoologia de pequenos e voadores<\/li>\n\n\n\n<li>Mastozoologia de grandes e m\u00e9dios<\/li>\n\n\n\n<li>Ornitologia<\/li>\n<\/ul>\n\n\n\n<p>O nosso p\u00fablico alvo s\u00e3o mulheres interessadas em aprimorar o seu conhecimento nas \u00e1reas de monitoramento e invent\u00e1rio de fauna terrestre, principalmente estudantes de Ci\u00eancias Biol\u00f3gicas, sem exclus\u00e3o de outros segmentos profissionais.<\/p>\n\n\n\n<p><strong>Ementa das aulas pode ser consultada <a href=\"https:\/\/drive.google.com\/file\/d\/1i5tAtfJwfKFnPx9mtexiIaPotuxVI-jW\/view?usp=sharing\" target=\"_blank\" rel=\"noreferrer noopener\">aqui.<\/a><\/strong><\/p>\n\n\n\n<h2 class=\"wp-block-heading\"><strong>Impacto e Alcance<\/strong><\/h2>\n\n\n\n<figure class=\"wp-block-image size-large\"><img loading=\"lazy\" decoding=\"async\" width=\"1600\" height=\"900\" src=\"https:\/\/neoprego.wordpress.com\/wp-content\/uploads\/2025\/08\/2024_1.jpg?w=1024\" alt=\"\" class=\"wp-image-2099\" srcset=\"https:\/\/www.neoprego.org\/wp-content\/uploads\/2025\/08\/2024_1.jpg 1600w, https:\/\/www.neoprego.org\/wp-content\/uploads\/2025\/08\/2024_1-300x169.jpg 300w, https:\/\/www.neoprego.org\/wp-content\/uploads\/2025\/08\/2024_1-1024x576.jpg 1024w, https:\/\/www.neoprego.org\/wp-content\/uploads\/2025\/08\/2024_1-768x432.jpg 768w, https:\/\/www.neoprego.org\/wp-content\/uploads\/2025\/08\/2024_1-1536x864.jpg 1536w\" sizes=\"auto, (max-width: 1600px) 100vw, 1600px\" \/><\/figure>\n\n\n\n<p>Em 2024, realizamos a primeira edi\u00e7\u00e3o do curso em parceria com o Instituto Manac\u00e1, que contou com mais de 700 inscri\u00e7\u00f5es de mulheres de 22 estados brasileiros. A forma\u00e7\u00e3o te\u00f3rica foi oferecida online para at\u00e9 500 participantes e, posteriormente, uma forma\u00e7\u00e3o pr\u00e1tica foi realizada para 150 alunas selecionadas com base no engajamento durante a etapa te\u00f3rica, ambas de forma gratuita.<\/p>\n\n\n\n<p>Essa primeira edi\u00e7\u00e3o apresentou o campo do monitoramento e invent\u00e1rio de fauna como uma possibilidade concreta de atua\u00e7\u00e3o profissional para mulheres, contribuindo para sua capacita\u00e7\u00e3o e inser\u00e7\u00e3o nas diferentes \u00e1reas abordadas.<\/p>\n\n\n\n<p>Para saber mais sobre a iniciativa, acesse nossas redes sociais:<br>\ud83d\udcf2<a href=\"https:\/\/www.instagram.com\/mulheresefaunaterrestre\/\" target=\"_blank\" rel=\"noreferrer noopener\"> Instagram<br><\/a> \ud83d\udcfa <a href=\"https:\/\/www.youtube.com\/@MulhereseFaunaTerrestre\" target=\"_blank\" rel=\"noreferrer noopener\">YouTube<\/a><\/p>\n\n\n\n<p>Ou assista ao nosso mini-document\u00e1rio:<\/p>\n\n\n\n<figure class=\"wp-block-embed is-type-video is-provider-youtube wp-block-embed-youtube wp-embed-aspect-16-9 wp-has-aspect-ratio\"><div class=\"wp-block-embed__wrapper\">\n<div class=\"embed-youtube\"><iframe loading=\"lazy\" title=\"Document\u00e1rio | Curso &#039;Mulheres e Fauna Terrestre&#039;\" width=\"712\" height=\"401\" src=\"https:\/\/www.youtube.com\/embed\/fZQAYL6DEDY?feature=oembed\" frameborder=\"0\" allow=\"accelerometer; autoplay; clipboard-write; encrypted-media; gyroscope; picture-in-picture; web-share\" referrerpolicy=\"strict-origin-when-cross-origin\" allowfullscreen><\/iframe><\/div>\n<\/div><\/figure>\n\n\n\n<p><\/p>","protected":false},"excerpt":{"rendered":"<p>O projeto \u201cMulheres e Fauna Terrestre \u2013 Monitoramento e Invent\u00e1rio\u201d \u00e9 uma iniciativa nacional, gratuita, voltada \u00e0 redu\u00e7\u00e3o do vi\u00e9s de g\u00eanero e \u00e0 amplia\u00e7\u00e3o da participa\u00e7\u00e3o feminina em atividades de monitoramento e invent\u00e1rio da fauna terrestre brasileira. O coletivo \u00e9 formado exclusivamente por mulheres que promovem cursos, palestras e conte\u00fados educativos, com o objetivo &hellip; <a href=\"https:\/\/www.neoprego.org\/pt_br\/mulheres-fauna-terrestre-2025\/\" class=\"more-link\">Continue lendo <span class=\"screen-reader-text\">Mulheres e fauna terrestre: capacita\u00e7\u00e3o para invent\u00e1rio e monitoramento &#8211; II Edi\u00e7\u00e3o<\/span><\/a><\/p>","protected":false},"author":1,"featured_media":0,"parent":0,"menu_order":0,"comment_status":"closed","ping_status":"closed","template":"","meta":{"footnotes":""},"tags":[38,42,43],"class_list":["post-2073","page","type-page","status-publish","hentry","tag-curso","tag-educacao","tag-education","no-featured-image"],"jetpack_sharing_enabled":true,"_links":{"self":[{"href":"https:\/\/www.neoprego.org\/pt_br\/wp-json\/wp\/v2\/pages\/2073","targetHints":{"allow":["GET"]}}],"collection":[{"href":"https:\/\/www.neoprego.org\/pt_br\/wp-json\/wp\/v2\/pages"}],"about":[{"href":"https:\/\/www.neoprego.org\/pt_br\/wp-json\/wp\/v2\/types\/page"}],"author":[{"embeddable":true,"href":"https:\/\/www.neoprego.org\/pt_br\/wp-json\/wp\/v2\/users\/1"}],"replies":[{"embeddable":true,"href":"https:\/\/www.neoprego.org\/pt_br\/wp-json\/wp\/v2\/comments?post=2073"}],"version-history":[{"count":0,"href":"https:\/\/www.neoprego.org\/pt_br\/wp-json\/wp\/v2\/pages\/2073\/revisions"}],"wp:attachment":[{"href":"https:\/\/www.neoprego.org\/pt_br\/wp-json\/wp\/v2\/media?parent=2073"}],"wp:term":[{"taxonomy":"post_tag","embeddable":true,"href":"https:\/\/www.neoprego.org\/pt_br\/wp-json\/wp\/v2\/tags?post=2073"}],"curies":[{"name":"wp","href":"https:\/\/api.w.org\/{rel}","templated":true}]}}