{"id":1981,"date":"2025-03-29T19:02:27","date_gmt":"2025-03-29T22:02:27","guid":{"rendered":"https:\/\/neoprego.org\/?page_id=1981"},"modified":"2025-12-04T20:22:04","modified_gmt":"2025-12-04T23:22:04","slug":"guias-de-observacao-dos-macacos-prego","status":"publish","type":"page","link":"https:\/\/www.neoprego.org\/pt_br\/educomunicacao\/guias-de-observacao-dos-macacos-prego\/","title":{"rendered":"Guias de Observa\u00e7\u00e3o dos Macacos-Prego"},"content":{"rendered":"<p>Preparamos dois guias para apresentar os macacos-prego e o seu comportamento \u00fanico em duas popula\u00e7\u00f5es que estudamos (Parque Nacional Serra da Capivara e Parque Nacional de Ubajara). Esses guias foram feitos pelos pesquisadores da Neoprego, com material e informa\u00e7\u00f5es oriundas das nossas pesquisas.<\/p>\n\n\n\n<p>Os guias impressos est\u00e3o sendo distribuidos inicialmente para os guias, condutores e funcion\u00e1rios dos parques, mas esperamos conseguir tiragens maiores para distribui\u00e7\u00e3o entre os visitantes.<\/p>\n\n\n\n<p>As vers\u00f5es em PDFs abaixo podem ser baixadas e impressas gratuitamente.<\/p>\n\n\n\n<h3 class=\"wp-block-heading\">Guia de observa\u00e7\u00e3o e comportamentos dos macacos-prego do Parque Nacional Serra da Capivara <\/h3>\n\n\n\n<div data-wp-interactive=\"core\/file\" class=\"wp-block-file\"><object data-wp-bind--hidden=\"!state.hasPdfPreview\" hidden class=\"wp-block-file__embed\" data=\"https:\/\/www.neoprego.org\/wp-content\/uploads\/2025\/03\/guia-observacao-macacos-capivara_neoprego_2025-1.pdf\" type=\"application\/pdf\" style=\"width:100%;height:600px\" aria-label=\"Incorporado de Guia observa\u00e7\u00e3o macacos Capivara_Neoprego_2025.\"><\/object><a id=\"wp-block-file--media-04842899-2b49-4599-9c06-c77b53b8cd57\" href=\"https:\/\/www.neoprego.org\/wp-content\/uploads\/2025\/03\/guia-observacao-macacos-capivara_neoprego_2025-1.pdf\">Guia observa\u00e7\u00e3o macacos Capivara_Neoprego_2025<\/a><a href=\"https:\/\/www.neoprego.org\/wp-content\/uploads\/2025\/03\/guia-observacao-macacos-capivara_neoprego_2025-1.pdf\" class=\"wp-block-file__button wp-element-button\" download aria-describedby=\"wp-block-file--media-04842899-2b49-4599-9c06-c77b53b8cd57\">Download<\/a><\/div>\n\n\n\n<h3 class=\"wp-block-heading\">Guia de observa\u00e7\u00e3o e comportamentos dos macacos-prego do Parque Nacional de Ubajara <\/h3>\n\n\n\n<div data-wp-interactive=\"core\/file\" class=\"wp-block-file\"><object data-wp-bind--hidden=\"!state.hasPdfPreview\" hidden class=\"wp-block-file__embed\" data=\"https:\/\/www.neoprego.org\/wp-content\/uploads\/2025\/03\/guia-observacao-macacos-ubajara_neoprego_2025-1.pdf\" type=\"application\/pdf\" style=\"width:100%;height:600px\" aria-label=\"Incorporado de Guia observa\u00e7\u00e3o macacos Ubajara_Neoprego_2025.\"><\/object><a id=\"wp-block-file--media-c3649f81-96a5-4507-b897-57e4e6fa13b9\" href=\"https:\/\/www.neoprego.org\/wp-content\/uploads\/2025\/03\/guia-observacao-macacos-ubajara_neoprego_2025-1.pdf\">Guia observa\u00e7\u00e3o macacos Ubajara_Neoprego_2025<\/a><a href=\"https:\/\/www.neoprego.org\/wp-content\/uploads\/2025\/03\/guia-observacao-macacos-ubajara_neoprego_2025-1.pdf\" class=\"wp-block-file__button wp-element-button\" download aria-describedby=\"wp-block-file--media-c3649f81-96a5-4507-b897-57e4e6fa13b9\">Download<\/a><\/div>\n\n\n\n<p><\/p>","protected":false},"excerpt":{"rendered":"<p>We have prepared two guides to present the capuchin monkeys and their unique behavior in two populations we studied (Serra da Capivara National Park and Ubajara National Park). These guides were created by Neoprego researchers using material and information from our research. The printed guides will initially be distributed to park guides, conductors, and staff, &hellip; <a href=\"https:\/\/www.neoprego.org\/pt_br\/educomunicacao\/guias-de-observacao-dos-macacos-prego\/\" class=\"more-link\">Continue lendo <span class=\"screen-reader-text\">Guias de Observa\u00e7\u00e3o dos Macacos-Prego<\/span><\/a><\/p>","protected":false},"author":1,"featured_media":0,"parent":1485,"menu_order":0,"comment_status":"closed","ping_status":"closed","template":"","meta":{"footnotes":""},"tags":[55,77,81],"class_list":["post-1981","page","type-page","status-publish","hentry","tag-material","tag-serra-da-capivara","tag-ubajara","no-featured-image"],"jetpack_sharing_enabled":true,"_links":{"self":[{"href":"https:\/\/www.neoprego.org\/pt_br\/wp-json\/wp\/v2\/pages\/1981","targetHints":{"allow":["GET"]}}],"collection":[{"href":"https:\/\/www.neoprego.org\/pt_br\/wp-json\/wp\/v2\/pages"}],"about":[{"href":"https:\/\/www.neoprego.org\/pt_br\/wp-json\/wp\/v2\/types\/page"}],"author":[{"embeddable":true,"href":"https:\/\/www.neoprego.org\/pt_br\/wp-json\/wp\/v2\/users\/1"}],"replies":[{"embeddable":true,"href":"https:\/\/www.neoprego.org\/pt_br\/wp-json\/wp\/v2\/comments?post=1981"}],"version-history":[{"count":4,"href":"https:\/\/www.neoprego.org\/pt_br\/wp-json\/wp\/v2\/pages\/1981\/revisions"}],"predecessor-version":[{"id":2289,"href":"https:\/\/www.neoprego.org\/pt_br\/wp-json\/wp\/v2\/pages\/1981\/revisions\/2289"}],"up":[{"embeddable":true,"href":"https:\/\/www.neoprego.org\/pt_br\/wp-json\/wp\/v2\/pages\/1485"}],"wp:attachment":[{"href":"https:\/\/www.neoprego.org\/pt_br\/wp-json\/wp\/v2\/media?parent=1981"}],"wp:term":[{"taxonomy":"post_tag","embeddable":true,"href":"https:\/\/www.neoprego.org\/pt_br\/wp-json\/wp\/v2\/tags?post=1981"}],"curies":[{"name":"wp","href":"https:\/\/api.w.org\/{rel}","templated":true}]}}