{"id":1485,"date":"2023-05-19T17:42:54","date_gmt":"2023-05-19T20:42:54","guid":{"rendered":"https:\/\/neoprego.org\/?page_id=1485"},"modified":"2025-12-01T22:17:36","modified_gmt":"2025-12-02T01:17:36","slug":"educomunicacao","status":"publish","type":"page","link":"https:\/\/www.neoprego.org\/pt_br\/educomunicacao\/","title":{"rendered":"Divulga\u00e7\u00e3o Cient\u00edfica"},"content":{"rendered":"<h3 class=\"wp-block-heading\">Educa\u00e7\u00e3o Ambiental<\/h3>\n\n\n\n<p>A pesquisa e a conserva\u00e7\u00e3o dos primatas e de suas tradi\u00e7\u00f5es depende do envolvimento das comunidades locais. Pessoas que vivem nos arredores das \u00e1reas que os macacos habitam nos contam hist\u00f3rias e observa\u00e7\u00f5es importantes para compreendermos mais sobre a vida dos primatas daquela regi\u00e3o. Algumas pessoas tamb\u00e9m colaboram diretamente com a pesquisa, auxiliando a construir o conhecimento cient\u00edfico. Por isso, a NeoPReGo tamb\u00e9m tem o compromisso de retornar esse conhecimento cient\u00edfico para as comunidades.<\/p>\n\n\n\n<figure class=\"wp-block-gallery has-nested-images columns-default is-cropped wp-block-gallery-1 is-layout-flex wp-block-gallery-is-layout-flex\">\n<figure class=\"wp-block-image size-large\"><img loading=\"lazy\" decoding=\"async\" width=\"1280\" height=\"960\" data-id=\"1500\" src=\"https:\/\/neoprego.org\/wp-content\/uploads\/2023\/05\/img_1062.jpg?w=1024\" alt=\"\" class=\"wp-image-1500\" srcset=\"https:\/\/www.neoprego.org\/wp-content\/uploads\/2023\/05\/img_1062.jpg 1280w, https:\/\/www.neoprego.org\/wp-content\/uploads\/2023\/05\/img_1062-300x225.jpg 300w, https:\/\/www.neoprego.org\/wp-content\/uploads\/2023\/05\/img_1062-1024x768.jpg 1024w, https:\/\/www.neoprego.org\/wp-content\/uploads\/2023\/05\/img_1062-768x576.jpg 768w\" sizes=\"auto, (max-width: 1280px) 100vw, 1280px\" \/><\/figure>\n\n\n\n<figure class=\"wp-block-image size-large\"><img loading=\"lazy\" decoding=\"async\" width=\"1080\" height=\"775\" data-id=\"1497\" src=\"https:\/\/neoprego.org\/wp-content\/uploads\/2023\/05\/img_1059.jpg?w=1024\" alt=\"\" class=\"wp-image-1497\" srcset=\"https:\/\/www.neoprego.org\/wp-content\/uploads\/2023\/05\/img_1059.jpg 1080w, https:\/\/www.neoprego.org\/wp-content\/uploads\/2023\/05\/img_1059-300x215.jpg 300w, https:\/\/www.neoprego.org\/wp-content\/uploads\/2023\/05\/img_1059-1024x735.jpg 1024w, https:\/\/www.neoprego.org\/wp-content\/uploads\/2023\/05\/img_1059-768x551.jpg 768w\" sizes=\"auto, (max-width: 1080px) 100vw, 1080px\" \/><\/figure>\n\n\n\n<figure class=\"wp-block-image size-large\"><img loading=\"lazy\" decoding=\"async\" width=\"1080\" height=\"775\" data-id=\"1499\" src=\"https:\/\/neoprego.org\/wp-content\/uploads\/2023\/05\/img_1058.jpg?w=1024\" alt=\"\" class=\"wp-image-1499\" srcset=\"https:\/\/www.neoprego.org\/wp-content\/uploads\/2023\/05\/img_1058.jpg 1080w, https:\/\/www.neoprego.org\/wp-content\/uploads\/2023\/05\/img_1058-300x215.jpg 300w, https:\/\/www.neoprego.org\/wp-content\/uploads\/2023\/05\/img_1058-1024x735.jpg 1024w, https:\/\/www.neoprego.org\/wp-content\/uploads\/2023\/05\/img_1058-768x551.jpg 768w\" sizes=\"auto, (max-width: 1080px) 100vw, 1080px\" \/><\/figure>\n\n\n\n<figure class=\"wp-block-image size-large\"><img loading=\"lazy\" decoding=\"async\" width=\"1080\" height=\"809\" data-id=\"1498\" src=\"https:\/\/neoprego.org\/wp-content\/uploads\/2023\/05\/img_1060.jpg?w=1024\" alt=\"\" class=\"wp-image-1498\" srcset=\"https:\/\/www.neoprego.org\/wp-content\/uploads\/2023\/05\/img_1060.jpg 1080w, https:\/\/www.neoprego.org\/wp-content\/uploads\/2023\/05\/img_1060-300x225.jpg 300w, https:\/\/www.neoprego.org\/wp-content\/uploads\/2023\/05\/img_1060-1024x767.jpg 1024w, https:\/\/www.neoprego.org\/wp-content\/uploads\/2023\/05\/img_1060-768x575.jpg 768w\" sizes=\"auto, (max-width: 1080px) 100vw, 1080px\" \/><\/figure>\n<\/figure>\n\n\n\n<p>Atrav\u00e9s de palestras e visitas \u00e0s comunidades locais, exibimos v\u00eddeos produzidos durante as pesquisas e levamos ferramentas utilizadas pelos macacos. O objetivo dessas atividades \u00e9 que as pessoas possam conhecer e compreender melhor o comportamento dos primatas e de outros animais que habitam a regi\u00e3o. As visitas \u00e0s escolas s\u00e3o especialmente importantes porque muitas crian\u00e7as e adolescentes que moram pr\u00f3ximos a essas popula\u00e7\u00f5es de primatas nunca viram esses animais. Ao exibir esses v\u00eddeos, buscamos valorizar a fauna da regi\u00e3o e discutir com os estudantes sobre como podemos conserv\u00e1-la.<\/p>\n\n\n\n<figure class=\"wp-block-image size-large\"><img loading=\"lazy\" decoding=\"async\" width=\"1280\" height=\"960\" src=\"https:\/\/neoprego.org\/wp-content\/uploads\/2023\/05\/img_1061.jpg?w=1024\" alt=\"\" class=\"wp-image-1502\" srcset=\"https:\/\/www.neoprego.org\/wp-content\/uploads\/2023\/05\/img_1061.jpg 1280w, https:\/\/www.neoprego.org\/wp-content\/uploads\/2023\/05\/img_1061-300x225.jpg 300w, https:\/\/www.neoprego.org\/wp-content\/uploads\/2023\/05\/img_1061-1024x768.jpg 1024w, https:\/\/www.neoprego.org\/wp-content\/uploads\/2023\/05\/img_1061-768x576.jpg 768w\" sizes=\"auto, (max-width: 1280px) 100vw, 1280px\" \/><figcaption class=\"wp-element-caption\">Gabriela Affon\u00e7o showing videos to the Ubajara community.<\/figcaption><\/figure>\n\n\n\n<p>Estamos desenvolvendo tamb\u00e9m um curso para condutores de turismo dos parques. Esses profissionais s\u00e3o fundamentais para a conserva\u00e7\u00e3o, j\u00e1 que s\u00e3o respons\u00e1veis por mediar a rela\u00e7\u00e3o dos visitantes e dos moradores com a fauna da regi\u00e3o. O curso visa ensinar conhecimentos b\u00e1sicos de primatologia e discutir as viv\u00eancias e experi\u00eancias desses profissionais, focando sempre na fauna local. Dessa forma, ao conduzirem as pessoas em trilhas nessas \u00e1reas, esses profissionais podem responder \u00e0s perguntas e curiosidades das pessoas assim que elas encontrarem os animais, bem como orientar sobre como interagir com os animais de forma saud\u00e1vel.<\/p>\n\n\n\n<figure class=\"wp-block-image size-large\"><img loading=\"lazy\" decoding=\"async\" width=\"1800\" height=\"1350\" src=\"https:\/\/neoprego.org\/wp-content\/uploads\/2023\/05\/falotico-2205-1.jpg?w=1024\" alt=\"\" class=\"wp-image-1516\" srcset=\"https:\/\/www.neoprego.org\/wp-content\/uploads\/2023\/05\/falotico-2205-1.jpg 1800w, https:\/\/www.neoprego.org\/wp-content\/uploads\/2023\/05\/falotico-2205-1-300x225.jpg 300w, https:\/\/www.neoprego.org\/wp-content\/uploads\/2023\/05\/falotico-2205-1-1024x768.jpg 1024w, https:\/\/www.neoprego.org\/wp-content\/uploads\/2023\/05\/falotico-2205-1-768x576.jpg 768w, https:\/\/www.neoprego.org\/wp-content\/uploads\/2023\/05\/falotico-2205-1-1536x1152.jpg 1536w\" sizes=\"auto, (max-width: 1800px) 100vw, 1800px\" \/><figcaption class=\"wp-element-caption\">The Neoprego team giving a talk in a school at RPPN Rio do Brasil (BA)<\/figcaption><\/figure>\n\n\n\n<h3 class=\"wp-block-heading\">Redes Sociais<\/h3>\n\n\n\n<p>Tamb\u00e9m buscamos divulgar em nossas redes sociais imagens e v\u00eddeos sobre o comportamento natural dos primatas (Instagram, Facebook e Bluesky) e os resultados de nossas pesquisas. Muitas pessoas n\u00e3o podem acompanhar a vida de um primata na natureza e desconhecem a complexidade social de suas vidas. Acreditamos que a divulga\u00e7\u00e3o desses materiais produzidos durante as pesquisas pode ajudar as pessoas a compreenderem a import\u00e2ncia deles viverem em seu habitat natural e junto a seus coespec\u00edficos.<\/p>\n\n\n\n<figure class=\"wp-block-gallery has-nested-images columns-default is-cropped is-style-square wp-block-gallery-2 is-layout-flex wp-block-gallery-is-layout-flex\">\n<figure class=\"wp-block-image size-large\"><img loading=\"lazy\" decoding=\"async\" width=\"1080\" height=\"1080\" data-id=\"1510\" src=\"https:\/\/neoprego.org\/wp-content\/uploads\/2023\/05\/5-como-o-grupo-reage-ao-nascimento-de-um-filhote-1.png?w=1024\" alt=\"\" class=\"wp-image-1510\" srcset=\"https:\/\/www.neoprego.org\/wp-content\/uploads\/2023\/05\/5-como-o-grupo-reage-ao-nascimento-de-um-filhote-1.png 1080w, https:\/\/www.neoprego.org\/wp-content\/uploads\/2023\/05\/5-como-o-grupo-reage-ao-nascimento-de-um-filhote-1-300x300.png 300w, https:\/\/www.neoprego.org\/wp-content\/uploads\/2023\/05\/5-como-o-grupo-reage-ao-nascimento-de-um-filhote-1-1024x1024.png 1024w, https:\/\/www.neoprego.org\/wp-content\/uploads\/2023\/05\/5-como-o-grupo-reage-ao-nascimento-de-um-filhote-1-150x150.png 150w, https:\/\/www.neoprego.org\/wp-content\/uploads\/2023\/05\/5-como-o-grupo-reage-ao-nascimento-de-um-filhote-1-768x768.png 768w\" sizes=\"auto, (max-width: 1080px) 100vw, 1080px\" \/><\/figure>\n\n\n\n<figure class=\"wp-block-image size-large\"><img loading=\"lazy\" decoding=\"async\" width=\"1080\" height=\"1080\" data-id=\"1512\" src=\"https:\/\/neoprego.org\/wp-content\/uploads\/2023\/05\/1-como-e-a-gestacao-dos-macacos-prego-2023-01-17-1.png?w=1024\" alt=\"\" class=\"wp-image-1512\" srcset=\"https:\/\/www.neoprego.org\/wp-content\/uploads\/2023\/05\/1-como-e-a-gestacao-dos-macacos-prego-2023-01-17-1.png 1080w, https:\/\/www.neoprego.org\/wp-content\/uploads\/2023\/05\/1-como-e-a-gestacao-dos-macacos-prego-2023-01-17-1-300x300.png 300w, https:\/\/www.neoprego.org\/wp-content\/uploads\/2023\/05\/1-como-e-a-gestacao-dos-macacos-prego-2023-01-17-1-1024x1024.png 1024w, https:\/\/www.neoprego.org\/wp-content\/uploads\/2023\/05\/1-como-e-a-gestacao-dos-macacos-prego-2023-01-17-1-150x150.png 150w, https:\/\/www.neoprego.org\/wp-content\/uploads\/2023\/05\/1-como-e-a-gestacao-dos-macacos-prego-2023-01-17-1-768x768.png 768w\" sizes=\"auto, (max-width: 1080px) 100vw, 1080px\" \/><\/figure>\n\n\n\n<figure class=\"wp-block-image size-large\"><img loading=\"lazy\" decoding=\"async\" width=\"1080\" height=\"1080\" data-id=\"1513\" src=\"https:\/\/neoprego.org\/wp-content\/uploads\/2023\/05\/13-como-macacos-de-idades-diferentes-brincam-1.png?w=1024\" alt=\"\" class=\"wp-image-1513\" srcset=\"https:\/\/www.neoprego.org\/wp-content\/uploads\/2023\/05\/13-como-macacos-de-idades-diferentes-brincam-1.png 1080w, https:\/\/www.neoprego.org\/wp-content\/uploads\/2023\/05\/13-como-macacos-de-idades-diferentes-brincam-1-300x300.png 300w, https:\/\/www.neoprego.org\/wp-content\/uploads\/2023\/05\/13-como-macacos-de-idades-diferentes-brincam-1-1024x1024.png 1024w, https:\/\/www.neoprego.org\/wp-content\/uploads\/2023\/05\/13-como-macacos-de-idades-diferentes-brincam-1-150x150.png 150w, https:\/\/www.neoprego.org\/wp-content\/uploads\/2023\/05\/13-como-macacos-de-idades-diferentes-brincam-1-768x768.png 768w\" sizes=\"auto, (max-width: 1080px) 100vw, 1080px\" \/><\/figure>\n\n\n\n<figure class=\"wp-block-image size-large\"><img loading=\"lazy\" decoding=\"async\" width=\"1080\" height=\"1080\" data-id=\"1509\" src=\"https:\/\/neoprego.org\/wp-content\/uploads\/2023\/05\/terrestriality-paper-insta.png?w=1024\" alt=\"\" class=\"wp-image-1509\" srcset=\"https:\/\/www.neoprego.org\/wp-content\/uploads\/2023\/05\/terrestriality-paper-insta.png 1080w, https:\/\/www.neoprego.org\/wp-content\/uploads\/2023\/05\/terrestriality-paper-insta-300x300.png 300w, https:\/\/www.neoprego.org\/wp-content\/uploads\/2023\/05\/terrestriality-paper-insta-1024x1024.png 1024w, https:\/\/www.neoprego.org\/wp-content\/uploads\/2023\/05\/terrestriality-paper-insta-150x150.png 150w, https:\/\/www.neoprego.org\/wp-content\/uploads\/2023\/05\/terrestriality-paper-insta-768x768.png 768w\" sizes=\"auto, (max-width: 1080px) 100vw, 1080px\" \/><\/figure>\n<\/figure>\n\n\n\n<p class=\"has-light-gray-background-color has-background\">Estamos abertos a parcerias para o desenvolvimento de atividades que visem \u00e0 educa\u00e7\u00e3o ambiental e \u00e0 divulga\u00e7\u00e3o cient\u00edfica. Se tiver interesse em alguma das nossas atividades, \u00e9 s\u00f3 entrar em contato conosco atrav\u00e9s do email <a href=\"mailto:neoprego@neoprego.org\">neoprego@neoprego.org<\/a> ou pela nossa p\u00e1gina no Instagram (<a href=\"https:\/\/www.instagram.com\/neoprego\">@neoprego<\/a>).<\/p>","protected":false},"excerpt":{"rendered":"<p>A pesquisa e a conserva\u00e7\u00e3o dos primatas e de suas tradi\u00e7\u00f5es depende do envolvimento das comunidades locais.<\/p>","protected":false},"author":1,"featured_media":0,"parent":0,"menu_order":0,"comment_status":"closed","ping_status":"closed","template":"","meta":{"footnotes":""},"tags":[39,42,64,71],"class_list":["post-1485","page","type-page","status-publish","hentry","tag-divulgacao","tag-educacao","tag-pesquisa","tag-redes","no-featured-image"],"jetpack_sharing_enabled":true,"_links":{"self":[{"href":"https:\/\/www.neoprego.org\/pt_br\/wp-json\/wp\/v2\/pages\/1485","targetHints":{"allow":["GET"]}}],"collection":[{"href":"https:\/\/www.neoprego.org\/pt_br\/wp-json\/wp\/v2\/pages"}],"about":[{"href":"https:\/\/www.neoprego.org\/pt_br\/wp-json\/wp\/v2\/types\/page"}],"author":[{"embeddable":true,"href":"https:\/\/www.neoprego.org\/pt_br\/wp-json\/wp\/v2\/users\/1"}],"replies":[{"embeddable":true,"href":"https:\/\/www.neoprego.org\/pt_br\/wp-json\/wp\/v2\/comments?post=1485"}],"version-history":[{"count":4,"href":"https:\/\/www.neoprego.org\/pt_br\/wp-json\/wp\/v2\/pages\/1485\/revisions"}],"predecessor-version":[{"id":2272,"href":"https:\/\/www.neoprego.org\/pt_br\/wp-json\/wp\/v2\/pages\/1485\/revisions\/2272"}],"wp:attachment":[{"href":"https:\/\/www.neoprego.org\/pt_br\/wp-json\/wp\/v2\/media?parent=1485"}],"wp:term":[{"taxonomy":"post_tag","embeddable":true,"href":"https:\/\/www.neoprego.org\/pt_br\/wp-json\/wp\/v2\/tags?post=1485"}],"curies":[{"name":"wp","href":"https:\/\/api.w.org\/{rel}","templated":true}]}}