{"id":1304,"date":"2022-02-25T14:39:08","date_gmt":"2022-02-25T17:39:08","guid":{"rendered":"https:\/\/neoprego.org\/?page_id=1304"},"modified":"2025-11-30T17:14:57","modified_gmt":"2025-11-30T20:14:57","slug":"ubajara","status":"publish","type":"page","link":"https:\/\/www.neoprego.org\/pt_br\/research-sites-locais-de-pesquisa\/ubajara\/","title":{"rendered":"Ubajara"},"content":{"rendered":"<p><span style=\"font-weight: 400\"><a href=\"https:\/\/en.wikipedia.org\/wiki\/Ubajara_National_Park\" target=\"_blank\" rel=\"noopener\">Parque Nacional de Ubajara <\/a>est\u00e1 localizado no estado do Cear\u00e1. Entre os seus principais atrativos est\u00e3o a Gruta de Ubajara, acessada pelo famoso bondinho, bem como um circuito de trilhas e cachoeiras. O parque \u00e9 uma das poucas \u00e1reas preservadas de <a href=\"https:\/\/en.wikipedia.org\/wiki\/Caatinga\" target=\"_blank\" rel=\"noreferrer noopener\">Caatinga<\/a> , o \u00fanico bioma exclusivamente brasileiro. Contudo, \u00e9 uma \u00e1rea de Caatinga muito mais \u00famida do que a do <a href=\"https:\/\/www.neoprego.org\/pt_br\/research-sites-locais-de-pesquisa\/serra-da-capivara\/\">Parque Nacional Serra da Capivara<\/a>.<\/span><\/p>\n\n\n<div class=\"wp-block-image\">\n<figure class=\"alignright is-resized\"><img decoding=\"async\" src=\"https:\/\/neoprego.org\/wp-content\/uploads\/2022\/02\/falotico-0845.jpg\" alt=\"Falotico-0845\" class=\"wp-image-1355\" style=\"width:356px;height:auto\"\/><\/figure>\n<\/div>\n\n\n<p><span style=\"font-weight: 400\">O macaco-prego (<span style=\"font-weight: 400\"><i><a href=\"https:\/\/en.wikipedia.org\/wiki\/Black-striped_capuchin\" target=\"_blank\" rel=\"noopener\">Sapajus libidinosus<\/a><\/i><\/span>) \u00e9 uma das esp\u00e9cies de primatas que habitam o parque, juntamente com o amea\u00e7ado guariba-da-caatinga (<em><a href=\"https:\/\/pt.wikipedia.org\/wiki\/Alouatta_ululata\" target=\"_blank\" rel=\"noreferrer noopener\">Alouatta ululata<\/a><\/em>) e o sagui-de-tufo-branco (<em><a href=\"https:\/\/pt.wikipedia.org\/wiki\/Sagui-de-tufo-branco\" target=\"_blank\" rel=\"noreferrer noopener\">Callithrix jacchus<\/a><\/em>). <\/span><\/p>\n\n\n\n<p><span style=\"font-weight: 400\">Em 2020, nosso pesquisador Tiago Fal\u00f3tico, juntamente com a equipe do Projeto CapCult, come\u00e7ou a estudar essa popula\u00e7\u00e3o de macacos-prego pela primeira vez, mapeando os s\u00edtios de quebra de cocos. Descobrimos que eles usam pedras como martelos para a quebra de coco baba\u00e7u (<\/span><i><span style=\"font-weight: 400\"><a href=\"https:\/\/en.wikipedia.org\/wiki\/Attalea_speciosa\" target=\"_blank\" rel=\"noreferrer noopener\">Attalea speciosa<\/a><\/span><\/i><span style=\"font-weight: 400\">) e de maca\u00faba (<\/span><i><span style=\"font-weight: 400\"><a href=\"https:\/\/en.wikipedia.org\/wiki\/Acrocomia_aculeata\" target=\"_blank\" rel=\"noreferrer noopener\">Acrocomia aculeata<\/a><\/span><\/i><span style=\"font-weight: 400\">). Esses recursos s\u00e3o muito duros: a for\u00e7a necess\u00e1ria para quebrar uma maca\u00faba \u00e9 7 vezes maior do que a for\u00e7a para quebrar uma castanha-do-par\u00e1. J\u00e1 para quebrar um baba\u00e7u, \u00e9 necess\u00e1ria 33 vezes mais for\u00e7a!<\/span><\/p>\n\n\n<div class=\"wp-block-image\">\n<figure class=\"alignleft is-resized\"><img decoding=\"async\" src=\"https:\/\/neoprego.org\/wp-content\/uploads\/2022\/02\/img_2195.jpeg\" alt=\"IMG_2195\" class=\"wp-image-1353\" style=\"width:363px;height:auto\"\/><\/figure>\n<\/div>\n\n\n<p><span style=\"font-weight: 400\">Uma das caracter\u00edsticas mais interessantes desse parque \u00e9 a presen\u00e7a de dois ecossistemas muito diferentes lado a lado. A regi\u00e3o do Planalto do parque \u00e9 mais \u00famida e fria por conta da altitude, possuindo uma vegeta\u00e7\u00e3o de mata \u00famida. J\u00e1 a regi\u00e3o mais baixa, de plan\u00edcie, \u00e9 mais quente e seca, apresentando uma vegeta\u00e7\u00e3o mais de mata seca e de caatinga arb\u00f3rea. Essas diferen\u00e7as ecol\u00f3gicas influenciam na disponibilidade de palmeiras e pedras e se refletem no comportamento dos macacos: h\u00e1 cerca de 4 vezes mais s\u00edtios de quebra na \u00e1rea de plan\u00edcie.<\/span><\/p>\n\n\n\n<p><span style=\"font-weight: 400\">Em 2021, um grupo dessa popula\u00e7\u00e3o foi acompanhado pela primeira vez pela nossa pesquisadora Tatiane Valen\u00e7a em seus estudos de doutorado na Universidade de S\u00e3o Paulo. Durante o per\u00edodo de habitua\u00e7\u00e3o do <a href=\"https:\/\/airtable.com\/appDogx9C3jy5xM9H\/shrV9WGXkwIRKey8Y\/tblhhufE3v56nanTo\" target=\"_blank\" rel=\"noreferrer noopener\">Grupo Sert\u00e3o<\/a>, ela notou que a f\u00eamea alfa, nomeada Baleia, carregava um filhote com uma defici\u00eancia na perna. A m\u00e3e e os outros membros do grupo forneceram cuidados especiais ao filhote, o Balaio. Infelizmente, o filhote morreu algumas semanas depois e a m\u00e3e continuou carregando o corpo por um certo tempo. Em 2023, Baleia teve outro filhote, Beiju, que est\u00e1 se desenvolvendo bem.<\/span><\/p>\n\n\n<div class=\"wp-block-image\">\n<figure class=\"alignright size-large is-resized\"><img loading=\"lazy\" decoding=\"async\" width=\"1200\" height=\"800\" src=\"https:\/\/neoprego-nas.myasustor.com\/wordpress\/wp-content\/uploads\/2024\/02\/balaio_capa_2021-11-17_0943_img_5137_small.png?w=1024\" alt=\"\" class=\"wp-image-1754\" style=\"width:369px;height:auto\" srcset=\"https:\/\/www.neoprego.org\/wp-content\/uploads\/2024\/02\/balaio_capa_2021-11-17_0943_img_5137_small.png 1200w, https:\/\/www.neoprego.org\/wp-content\/uploads\/2024\/02\/balaio_capa_2021-11-17_0943_img_5137_small-300x200.png 300w, https:\/\/www.neoprego.org\/wp-content\/uploads\/2024\/02\/balaio_capa_2021-11-17_0943_img_5137_small-1024x683.png 1024w, https:\/\/www.neoprego.org\/wp-content\/uploads\/2024\/02\/balaio_capa_2021-11-17_0943_img_5137_small-768x512.png 768w\" sizes=\"auto, (max-width: 1200px) 100vw, 1200px\" \/><\/figure>\n<\/div>\n\n\n<p><span style=\"font-weight: 400\">De 2022 a 2023, o uso de ferramentas, a terrestrialidade e outros fatores ecol\u00f3gicos foram sistematicamente registrados pela Tati Valen\u00e7a com a assist\u00eancia dos nossos membros, Gabriela Affon\u00e7o e Guilherme Mugnaini; e tamb\u00e9m de nossos colaboradores, Emiliane Cardoso e Germano Cardoso. Em seus estudos de doutorado, ela est\u00e1 descrevendo o repert\u00f3rio de uso de ferramentas dessa popula\u00e7\u00e3o. Ela tamb\u00e9m est\u00e1 investigando se a terrestrialidade pode afetar as \u00e1reas onde os macacos usam ferramentas e as causas da alta terrestrialidade do macaco-prego-amarelo. Esses dados est\u00e3o atualmente sendo analisados no Instituto Max Planck de Comportamento Animal na Alemanha.<\/span><\/p>\n\n\n<div class=\"wp-block-image\">\n<figure class=\"alignleft size-large is-resized\"><img loading=\"lazy\" decoding=\"async\" width=\"1024\" height=\"768\" src=\"https:\/\/neoprego-nas.myasustor.com\/wordpress\/wp-content\/uploads\/2024\/02\/48a6138b-dab4-44c2-805a-e4f245f384a1_1_105_c.jpeg?w=1024\" alt=\"\" class=\"wp-image-1758\" style=\"width:393px;height:auto\" srcset=\"https:\/\/www.neoprego.org\/wp-content\/uploads\/2024\/02\/48a6138b-dab4-44c2-805a-e4f245f384a1_1_105_c.jpeg 1024w, https:\/\/www.neoprego.org\/wp-content\/uploads\/2024\/02\/48a6138b-dab4-44c2-805a-e4f245f384a1_1_105_c-300x225.jpeg 300w, https:\/\/www.neoprego.org\/wp-content\/uploads\/2024\/02\/48a6138b-dab4-44c2-805a-e4f245f384a1_1_105_c-768x576.jpeg 768w\" sizes=\"auto, (max-width: 1024px) 100vw, 1024px\" \/><\/figure>\n<\/div>\n\n\n<p><span style=\"font-weight: 400\">Em 2022, a equipe CapCult tamb\u00e9m come\u00e7ou a conduzir estudos de arqueologia primata nesta popula\u00e7\u00e3o. Nossa pesquisadora, Gabriela Affon\u00e7o, est\u00e1 realizando seus estudos de mestrado na Universidade de S\u00e3o Paulo, investigando os fragmentos e lascas gerados pelas atividades de uso de ferramentas pelos macacos-prego.<\/span><\/p>\n\n\n\n<hr class=\"wp-block-separator has-alpha-channel-opacity\"\/>\n\n\n\n<p id=\"ubajara-br\"><strong>Refer\u00eancias:<\/strong><\/p>\n\n\n\n<ul class=\"wp-block-list\">\n<li><a href=\"https:\/\/www.icmbio.gov.br\/parnaubajara\/\">ICMBio<\/a><\/li>\n\n\n\n<li>Valen\u00e7a, T., Cardoso, E., &amp; Fal\u00f3tico, T. (2025). Predatory attack on a bearded capuchin monkey by a&nbsp;<em>Boa constrictor<\/em>.&nbsp;<em>Primates<\/em>,&nbsp;<em>66<\/em>(4), 349\u2013353. <a href=\"https:\/\/doi.org\/10.1007\/s10329-025-01191-7\">https:\/\/doi.org\/10.1007\/s10329-025-01191-7<\/a><\/li>\n\n\n\n<li><div class=\"csl-entry\">Fal\u00f3tico, T., Valen\u00e7a, T., Verderane, M. P., Santana, B. C., &amp; Sirianni, G. (2024). Mapping nut\u2010cracking in a new population of wild capuchin monkeys (<i>Sapajus libidinosus<\/i>) at Ubajara National Park, Brazil. <i>American Journal of Primatology, 86(4)<\/i>, e23595. <a href=\"https:\/\/doi.org\/10.1002\/ajp.23595\" target=\"_blank\" rel=\"noopener\">https:\/\/doi.org\/10.1002\/ajp.23595<\/a><\/div><\/li>\n\n\n\n<li><div class=\"csl-entry\">Valen\u00e7a, T., &amp; Fal\u00f3tico, T. (2023). Life and death of a disabled wild capuchin monkey infant. <i>Primates<\/i>, <i>64<\/i>, 207\u2013213. <a href=\"https:\/\/doi.org\/10.1007\/s10329-023-01052-1\" target=\"_blank\" rel=\"noopener\">https:\/\/doi.org\/10.1007\/s10329-023-01052-1<\/a><\/div><br><\/li>\n<\/ul>","protected":false},"excerpt":{"rendered":"<p>Ubajara National Park (UNP) is located in the Cear\u00e1 State, northeast of Brazil. It is known by the Ubajara Grotto, a beautiful limestone cave accessed by a chairlift, and by its trails and waterfalls. The park is one of the few preserved areas within the Caatinga biome, a Brazilian dry-thornbush savannah. However, this is a &hellip; <a href=\"https:\/\/www.neoprego.org\/pt_br\/research-sites-locais-de-pesquisa\/ubajara\/\" class=\"more-link\">Continue lendo <span class=\"screen-reader-text\">Ubajara<\/span><\/a><\/p>","protected":false},"author":1,"featured_media":1358,"parent":82,"menu_order":3,"comment_status":"closed","ping_status":"closed","template":"","meta":{"footnotes":""},"tags":[79,81],"class_list":["post-1304","page","type-page","status-publish","has-post-thumbnail","hentry","tag-sites","tag-ubajara"],"jetpack_sharing_enabled":true,"_links":{"self":[{"href":"https:\/\/www.neoprego.org\/pt_br\/wp-json\/wp\/v2\/pages\/1304","targetHints":{"allow":["GET"]}}],"collection":[{"href":"https:\/\/www.neoprego.org\/pt_br\/wp-json\/wp\/v2\/pages"}],"about":[{"href":"https:\/\/www.neoprego.org\/pt_br\/wp-json\/wp\/v2\/types\/page"}],"author":[{"embeddable":true,"href":"https:\/\/www.neoprego.org\/pt_br\/wp-json\/wp\/v2\/users\/1"}],"replies":[{"embeddable":true,"href":"https:\/\/www.neoprego.org\/pt_br\/wp-json\/wp\/v2\/comments?post=1304"}],"version-history":[{"count":3,"href":"https:\/\/www.neoprego.org\/pt_br\/wp-json\/wp\/v2\/pages\/1304\/revisions"}],"predecessor-version":[{"id":2258,"href":"https:\/\/www.neoprego.org\/pt_br\/wp-json\/wp\/v2\/pages\/1304\/revisions\/2258"}],"up":[{"embeddable":true,"href":"https:\/\/www.neoprego.org\/pt_br\/wp-json\/wp\/v2\/pages\/82"}],"wp:featuredmedia":[{"embeddable":true,"href":"https:\/\/www.neoprego.org\/pt_br\/wp-json\/wp\/v2\/media\/1358"}],"wp:attachment":[{"href":"https:\/\/www.neoprego.org\/pt_br\/wp-json\/wp\/v2\/media?parent=1304"}],"wp:term":[{"taxonomy":"post_tag","embeddable":true,"href":"https:\/\/www.neoprego.org\/pt_br\/wp-json\/wp\/v2\/tags?post=1304"}],"curies":[{"name":"wp","href":"https:\/\/api.w.org\/{rel}","templated":true}]}}