{"id":1297,"date":"2024-02-09T17:54:57","date_gmt":"2024-02-09T20:54:57","guid":{"rendered":"https:\/\/neoprego.org\/?page_id=1297"},"modified":"2025-11-30T16:40:28","modified_gmt":"2025-11-30T19:40:28","slug":"serra-das-confusoes","status":"publish","type":"page","link":"https:\/\/www.neoprego.org\/pt_br\/research-sites-locais-de-pesquisa\/serra-das-confusoes\/","title":{"rendered":"Serra das Confus\u00f5es"},"content":{"rendered":"<div class=\"wp-block-image\">\n<figure class=\"alignleft is-resized\"><img loading=\"lazy\" decoding=\"async\" width=\"640\" height=\"427\" src=\"https:\/\/neoprego.org\/wp-content\/uploads\/2016\/12\/marmoset_capivara.jpg?w=300\" alt=\"Marmoset\" class=\"wp-image-213\" style=\"width:337px;height:auto\"\/><\/figure>\n<\/div>\n\n\n<p><a href=\"https:\/\/en.wikipedia.org\/wiki\/Serra_das_Confus\u00f5es_National_Park\" target=\"_blank\" rel=\"noopener\">Parque Nacional Serra das Confus\u00f5es <\/a>, localizado no sul do Piau\u00ed, \u00e9 a maior unidade de conserva\u00e7\u00e3o da Caatinga, um bioma exclusivo do Brasil.<\/p>\n\n\n\n<p>\u00c9 lar de uma popula\u00e7\u00e3o de macacos-prego (<i><a href=\"https:\/\/en.wikipedia.org\/wiki\/Black-striped_capuchin\" target=\"_blank\" rel=\"noopener\">Sapajus libidinosus<\/a><\/i>) que usa ferramentas de pedra para acessar alimentos encapsulados e tamb\u00e9m um local de import\u00e2ncia arqueol\u00f3gica pelas suas pinturas rupestres e ind\u00edcios de antiga ocupa\u00e7\u00e3o humana.<\/p>\n\n\n\n<p>Como \u00e9 localizado entre duas popula\u00e7\u00f5es bem conhecidas de macacos-prego que usam ferramentas de modo diferente, este local teve o interesse dos nossos pesquisadores para comparar o repert\u00f3rio de ferramentas. Um mapeamento dos s\u00edtios de uso de ferramentas foi feito em 2016 por pesquisadores da Neoprego, e alguns grupos de macacos foram estudados pelo nosso membro Paulo Henrique M. Coutinho para seu doutorado realizado no Instituto de Psicologia da USP.<\/p>\n\n\n<div class=\"wp-block-image\">\n<figure class=\"alignright is-resized\"><img decoding=\"async\" src=\"https:\/\/neoprego.org\/wp-content\/uploads\/2024\/02\/img_7827.jpeg\" alt=\"IMG_7827\" class=\"wp-image-1688\" style=\"width:323px;height:auto\"\/><\/figure>\n<\/div>\n\n\n<p>Mais recentemente , inclu\u00edmos este local nas compara\u00e7\u00f5es feitas pelo Projeto CapCult. Esta popula\u00e7\u00e3o ainda \u00e9 pouco estudada e esperamos aumentar nosso conhecimento sobre os macacos daqui no futuro.<\/p>\n\n\n\n<p>Al\u00e9m dos macacos-prego, o parque tamb\u00e9m \u00e9 habitado por saguis-do-tufo-branco (<i><a href=\"https:\/\/en.wikipedia.org\/wiki\/Common_marmoset\" target=\"_blank\" rel=\"noopener\">Callithrix jacchus<\/a>)<\/i> e bugios\/guaribas (<i><a href=\"https:\/\/en.wikipedia.org\/wiki\/Black_howler\" target=\"_blank\" rel=\"noopener\">Alouatta caraya<\/a><\/i>ainda n\u00e3o estudados.<\/p>\n\n\n\n<hr class=\"wp-block-separator has-alpha-channel-opacity\"\/>\n\n\n\n<p id=\"confusoes-br\"><strong>Refer\u00eancias:<\/strong><\/p>\n\n\n\n<ul class=\"wp-block-list\">\n<li><span class=\"csl-entry\">Fal\u00f3tico, T., Coutinho, P. H. M., Bueno, C. Q., Rufo, H. P., &amp; Ottoni, E. B. (2018). Stone tool use by wild capuchin monkeys (<i>Sapajus libidinosus<\/i>) at Serra das Confus\u00f5es National Park, Brazil. <i>Primates<\/i>, <i>59<\/i>(4), 385\u2013394. <a href=\"https:\/\/doi.org\/10.1007\/s10329-018-0660-0\" target=\"_blank\" rel=\"noopener\">https:\/\/doi.org\/10.1007\/s10329-018-0660-0<\/a><\/span><\/li>\n\n\n\n<li><span class=\"csl-entry\">Fal\u00f3tico, T., Valen\u00e7a, T., Verderane, M. P., &amp; Foga\u00e7a, M. D. (2022). Stone tools differences across three capuchin monkey populations: food\u2019s physical properties, ecology, and culture. <i>Scientific Reports<\/i>, <i>12<\/i>(1), 14365. <a href=\"https:\/\/doi.org\/10.1038\/s41598-022-18661-3\" target=\"_blank\" rel=\"noopener\">https:\/\/doi.org\/10.1038\/s41598-022-18661-3<\/a><\/span><\/li>\n<\/ul>","protected":false},"excerpt":{"rendered":"<p>Serra das Confus\u00f5es National Park (SCoNP) is located south of the Piau\u00ed state. It is the largest conservation unit for the Caatinga biome, a unique Brazilian environment It is home to a population of bearded capuchin monkeys (Sapajus libidinosus) that are known to use stone tools to access encased food. Because it is in between &hellip; <a href=\"https:\/\/www.neoprego.org\/pt_br\/research-sites-locais-de-pesquisa\/serra-das-confusoes\/\" class=\"more-link\">Continue lendo <span class=\"screen-reader-text\">Serra das Confus\u00f5es<\/span><\/a><\/p>","protected":false},"author":1,"featured_media":1687,"parent":82,"menu_order":4,"comment_status":"closed","ping_status":"closed","template":"","meta":{"footnotes":""},"tags":[78,79],"class_list":["post-1297","page","type-page","status-publish","has-post-thumbnail","hentry","tag-serra-das-confusoes","tag-sites"],"jetpack_sharing_enabled":true,"_links":{"self":[{"href":"https:\/\/www.neoprego.org\/pt_br\/wp-json\/wp\/v2\/pages\/1297","targetHints":{"allow":["GET"]}}],"collection":[{"href":"https:\/\/www.neoprego.org\/pt_br\/wp-json\/wp\/v2\/pages"}],"about":[{"href":"https:\/\/www.neoprego.org\/pt_br\/wp-json\/wp\/v2\/types\/page"}],"author":[{"embeddable":true,"href":"https:\/\/www.neoprego.org\/pt_br\/wp-json\/wp\/v2\/users\/1"}],"replies":[{"embeddable":true,"href":"https:\/\/www.neoprego.org\/pt_br\/wp-json\/wp\/v2\/comments?post=1297"}],"version-history":[{"count":2,"href":"https:\/\/www.neoprego.org\/pt_br\/wp-json\/wp\/v2\/pages\/1297\/revisions"}],"predecessor-version":[{"id":2246,"href":"https:\/\/www.neoprego.org\/pt_br\/wp-json\/wp\/v2\/pages\/1297\/revisions\/2246"}],"up":[{"embeddable":true,"href":"https:\/\/www.neoprego.org\/pt_br\/wp-json\/wp\/v2\/pages\/82"}],"wp:featuredmedia":[{"embeddable":true,"href":"https:\/\/www.neoprego.org\/pt_br\/wp-json\/wp\/v2\/media\/1687"}],"wp:attachment":[{"href":"https:\/\/www.neoprego.org\/pt_br\/wp-json\/wp\/v2\/media?parent=1297"}],"wp:term":[{"taxonomy":"post_tag","embeddable":true,"href":"https:\/\/www.neoprego.org\/pt_br\/wp-json\/wp\/v2\/tags?post=1297"}],"curies":[{"name":"wp","href":"https:\/\/api.w.org\/{rel}","templated":true}]}}