{"id":1137,"date":"2018-08-15T16:55:19","date_gmt":"2018-08-15T19:55:19","guid":{"rendered":"https:\/\/neoprego.wordpress.com\/?page_id=1137"},"modified":"2025-11-30T15:51:53","modified_gmt":"2025-11-30T18:51:53","slug":"founding-members-membros-fundadores","status":"publish","type":"page","link":"https:\/\/www.neoprego.org\/pt_br\/membros\/founding-members-membros-fundadores\/","title":{"rendered":"Fundadores"},"content":{"rendered":"<h3 class=\"wp-block-heading\">Dr. Tiago Fal\u00f3tico <a href=\"https:\/\/orcid.org\/0000-0002-0638-1989\" target=\"_blank\" rel=\"noreferrer noopener\"><img decoding=\"async\" class=\"wp-image-1814\" style=\"width: 16px\" src=\"https:\/\/neoprego-nas.myasustor.com\/wordpress\/wp-content\/uploads\/2024\/02\/orcidid_icon16x16.webp\" alt=\"\"><\/a><\/h3>\n\n\n<div class=\"wp-block-image\">\n<figure class=\"alignleft size-large is-resized\"><img loading=\"lazy\" decoding=\"async\" width=\"582\" height=\"582\" src=\"https:\/\/neoprego-nas.myasustor.com\/wordpress\/wp-content\/uploads\/2024\/02\/4d81481b-3fa7-4bbc-81cb-290331cd3e84_1_105_c-edited.jpeg\" alt=\"\" class=\"wp-image-1828\" style=\"width:286px;height:auto\" srcset=\"https:\/\/www.neoprego.org\/wp-content\/uploads\/2024\/02\/4d81481b-3fa7-4bbc-81cb-290331cd3e84_1_105_c-edited.jpeg 582w, https:\/\/www.neoprego.org\/wp-content\/uploads\/2024\/02\/4d81481b-3fa7-4bbc-81cb-290331cd3e84_1_105_c-edited-300x300.jpeg 300w, https:\/\/www.neoprego.org\/wp-content\/uploads\/2024\/02\/4d81481b-3fa7-4bbc-81cb-290331cd3e84_1_105_c-edited-150x150.jpeg 150w\" sizes=\"auto, (max-width: 582px) 100vw, 582px\" \/><\/figure>\n<\/div>\n\n\n<p>Tiago estuda o uso de ferramentas e o comportamento cultural em primatas, principalmente no Parque Nacional Serra da Capivara, Patrim\u00f4nio Mundial da UNESCO, no Brasil. Sua pesquisa analisa as diferen\u00e7as no comportamento de uso de ferramentas entre sexos, grupos e popula\u00e7\u00f5es de macacos-prego, bem como a ontogenia do uso de ferramentas e outros comportamentos manipulativos. Atualmente \u00e9 pesquisador respons\u00e1vel do projeto <a href=\"https:\/\/www.neoprego.org\/pt_br\/projects-projetos\/capcult\/\">CapCult<\/a> explorando e comparando novas popula\u00e7\u00f5es de macacos-prego. Ele tamb\u00e9m tem interesse em comparar macacos-prego com outros primatas que usam ferramentas e em investigar as origens do comportamento de uso de ferramentas. Tiago \u00e9 <a href=\"https:\/\/explorer-directory.nationalgeographic.org\/tiago-falotico\" target=\"_blank\" rel=\"noreferrer noopener\">National Geographic Explorer<\/a>, pesquisador visitante no <a href=\"https:\/\/www.eva.mpg.de\/technological-primates\/\" target=\"_blank\" rel=\"noreferrer noopener\">Technological Primates Research Group<\/a> no Max Planck Institute for Evolutionary Anthropology e membro da diretoria da Sociedade Brasileira de Primatologia.<\/p>\n\n\n\n<h5 class=\"wp-block-heading\"><i>Links:<\/i><\/h5>\n\n\n\n<ul class=\"wp-block-list\">\n<li><a href=\"https:\/\/orcid.org\/0000-0002-0638-1989\" target=\"_blank\" rel=\"noreferrer noopener\"><strong>ORCID<\/strong><\/a><\/li>\n\n\n\n<li><h5><a href=\"https:\/\/www.researchgate.net\/profile\/Tiago_Falotico\" target=\"_blank\" rel=\"noopener noreferrer\">Research Gate<\/a><\/h5><\/li>\n\n\n\n<li><h5><a href=\"http:\/\/lattes.cnpq.br\/7258956905577922\" target=\"_blank\" rel=\"noopener noreferrer\">CV Lattes&nbsp;<\/a><\/h5><\/li>\n\n\n\n<li><h5><a href=\"mailto:tiago@neoprego.org\" target=\"_blank\" rel=\"noopener noreferrer\">tiago@neoprego.org<\/a><\/h5><\/li>\n<\/ul>\n\n\n\n<hr class=\"wp-block-separator has-alpha-channel-opacity\"\/>\n\n\n\n<h3 class=\"wp-block-heading\">Dr\u00aa. Mariana Dutra Foga\u00e7a&nbsp;<a href=\"https:\/\/orcid.org\/0000-0002-6776-9389\" target=\"_blank\" rel=\"noreferrer noopener\"><img decoding=\"async\" class=\"wp-image-1814\" style=\"width: 16px\" src=\"https:\/\/neoprego-nas.myasustor.com\/wordpress\/wp-content\/uploads\/2024\/02\/orcidid_icon16x16.webp\" alt=\"\"><\/a><\/h3>\n\n\n<div class=\"wp-block-image\">\n<figure class=\"alignleft size-large is-resized\"><img loading=\"lazy\" decoding=\"async\" width=\"1536\" height=\"1536\" src=\"https:\/\/neoprego-nas.myasustor.com\/wordpress\/wp-content\/uploads\/2024\/02\/whatsapp-image-2024-02-11-at-11.16.49-edited.jpeg\" alt=\"\" class=\"wp-image-1822\" style=\"width:296px;height:auto\" srcset=\"https:\/\/www.neoprego.org\/wp-content\/uploads\/2024\/02\/whatsapp-image-2024-02-11-at-11.16.49-edited.jpeg 1536w, https:\/\/www.neoprego.org\/wp-content\/uploads\/2024\/02\/whatsapp-image-2024-02-11-at-11.16.49-edited-300x300.jpeg 300w, https:\/\/www.neoprego.org\/wp-content\/uploads\/2024\/02\/whatsapp-image-2024-02-11-at-11.16.49-edited-1024x1024.jpeg 1024w, https:\/\/www.neoprego.org\/wp-content\/uploads\/2024\/02\/whatsapp-image-2024-02-11-at-11.16.49-edited-150x150.jpeg 150w, https:\/\/www.neoprego.org\/wp-content\/uploads\/2024\/02\/whatsapp-image-2024-02-11-at-11.16.49-edited-768x768.jpeg 768w\" sizes=\"auto, (max-width: 1536px) 100vw, 1536px\" \/><\/figure>\n<\/div>\n\n\n<p><span style=\"font-weight: 400\">Mari, tem interesse  em compreender quais vari\u00e1veis desempenham um papel na evolu\u00e7\u00e3o morfol\u00f3gica dos elementos mastigat\u00f3rios da anatomia e como isso se relaciona com a hist\u00f3ria de vida do animal. Trabalha com primatas selvagens na Mata Atl\u00e2ntica desde 2005 e tamb\u00e9m tem experi\u00eancia em biomas como Cerrado e Caatinga<\/span><\/p>\n\n\n\n<p><span style=\"font-weight: 400\">Ela examina a morfologia de cr\u00e2nios e dentes de esp\u00e9cies do g\u00eanero Sapajus. O foco principal \u00e9 sobre os padr\u00f5es de crescimento, topografia dos dentes e as diferen\u00e7as morfol\u00f3gicas das esp\u00e9cies em rela\u00e7\u00e3o ao comportamento alimentar selvagem, al\u00e9m do trabalho com a plasticidade dos primatas urbanos; especificamente, os h\u00edbridos de sag\u00fcis.&nbsp;<\/span><\/p>\n\n\n\n<p>Ela tamb\u00e9m atua na divulga\u00e7\u00e3o cient\u00edfica escrevendo periodicamente nos sites: <a href=\"https:\/\/cientistasfeministas.wordpress.com\/author\/dranotinvisibleanymore\/\">cientistas feminisas<\/a> e <a href=\"https:\/\/blog.casadadoula.com.br\/author\/mariana-fogaca\/\">casa da doula<\/a>.<\/p>\n\n\n\n<h5 class=\"wp-block-heading\"><em>Links<\/em>:<\/h5>\n\n\n\n<ul class=\"wp-block-list\">\n<li><h5><a href=\"http:\/\/lattes.cnpq.br\/4178681761765797\" target=\"_blank\" rel=\"noopener noreferrer\">CV Lattes<\/a><\/h5><\/li>\n\n\n\n<li><h5><a href=\"https:\/\/www.researchgate.net\/profile\/Mariana_Fogaca\" target=\"_blank\" rel=\"noopener noreferrer\">Researchgate<\/a><\/h5><\/li>\n\n\n\n<li><h5><a href=\"mailto:marifogaca@neoprego.org\" target=\"_blank\" rel=\"noopener noreferrer\">marifogaca@neoprego.org<\/a><\/h5><\/li>\n<\/ul>\n\n\n\n<hr class=\"wp-block-separator has-alpha-channel-opacity\"\/>\n\n\n\n<h3 class=\"wp-block-heading\">Dr\u00aa. Michele Pereira Verderane <a href=\"https:\/\/orcid.org\/0000-0001-8467-8385\" target=\"_blank\" rel=\"noreferrer noopener\"><img decoding=\"async\" class=\"wp-image-1814\" style=\"width: 16px\" src=\"https:\/\/neoprego-nas.myasustor.com\/wordpress\/wp-content\/uploads\/2024\/02\/orcidid_icon16x16.webp\" alt=\"\"><\/a><a href=\"https:\/\/orcid.org\/0000-0001-8467-8385\" target=\"_blank\" rel=\"noreferrer noopener\"><\/a><\/h3>\n\n\n<div class=\"wp-block-image\">\n<figure class=\"alignleft size-large is-resized\"><img loading=\"lazy\" decoding=\"async\" width=\"1065\" height=\"1066\" src=\"https:\/\/neoprego-nas.myasustor.com\/wordpress\/wp-content\/uploads\/2024\/02\/whatsapp-image-2024-02-11-at-11.34.40-edited.jpeg\" alt=\"\" class=\"wp-image-1825\" style=\"width:282px;height:auto\" srcset=\"https:\/\/www.neoprego.org\/wp-content\/uploads\/2024\/02\/whatsapp-image-2024-02-11-at-11.34.40-edited.jpeg 1065w, https:\/\/www.neoprego.org\/wp-content\/uploads\/2024\/02\/whatsapp-image-2024-02-11-at-11.34.40-edited-300x300.jpeg 300w, https:\/\/www.neoprego.org\/wp-content\/uploads\/2024\/02\/whatsapp-image-2024-02-11-at-11.34.40-edited-1024x1024.jpeg 1024w, https:\/\/www.neoprego.org\/wp-content\/uploads\/2024\/02\/whatsapp-image-2024-02-11-at-11.34.40-edited-150x150.jpeg 150w, https:\/\/www.neoprego.org\/wp-content\/uploads\/2024\/02\/whatsapp-image-2024-02-11-at-11.34.40-edited-768x769.jpeg 768w\" sizes=\"auto, (max-width: 1065px) 100vw, 1065px\" \/><\/figure>\n<\/div>\n\n\n<p>Dra. Michele Verderane is a researcher at Neoprego. She has been studying the social behavior of capuchins in Brazil since 2000, including semi-free-ranging groups in Parque Ecol\u00f3gico do Tiet\u00ea, S\u00e3o Paulo, and wild groups in the Cerrado\/Caatinga, in Fazenda Boa Vista, Piau\u00ed, with the EthoCebus research team since 2005, and more recently in Atlantic Forest, in Bahia. She conducts comparative research on maternal behavior and mother-infant initial interactions in wild capuchin monkeys as part of her postdoctoral position.<\/p>\n\n\n\n<h5 class=\"wp-block-heading\"><i>Links:<\/i><\/h5>\n\n\n\n<ul class=\"wp-block-list\">\n<li><h5><a href=\"https:\/\/www.researchgate.net\/profile\/Michele_Verderane\" target=\"_blank\" rel=\"noopener noreferrer\">Research Gate<\/a><\/h5><\/li>\n\n\n\n<li><h5><a href=\"http:\/\/lattes.cnpq.br\/2380242691253694\" target=\"_blank\" rel=\"noopener noreferrer\">CV Lattes<\/a><\/h5><\/li>\n\n\n\n<li><h5><a href=\"mailto:miverderane@neoprego.org\" target=\"_blank\" rel=\"noopener noreferrer\">miverderane@neoprego.org<\/a><\/h5><\/li>\n<\/ul>\n\n\n\n<hr class=\"wp-block-separator has-alpha-channel-opacity\"\/>\n\n\n\n<h3 class=\"wp-block-heading\"><img loading=\"lazy\" decoding=\"async\" class=\"size-medium wp-image-73 alignleft\" src=\"https:\/\/neoprego.org\/wp-content\/uploads\/2016\/12\/img_1434.jpg?w=279\" alt=\"Version 2\" width=\"279\" height=\"300\" srcset=\"https:\/\/www.neoprego.org\/wp-content\/uploads\/2016\/12\/img_1434.jpg 1006w, https:\/\/www.neoprego.org\/wp-content\/uploads\/2016\/12\/img_1434-279x300.jpg 279w, https:\/\/www.neoprego.org\/wp-content\/uploads\/2016\/12\/img_1434-954x1024.jpg 954w, https:\/\/www.neoprego.org\/wp-content\/uploads\/2016\/12\/img_1434-768x824.jpg 768w\" sizes=\"auto, (max-width: 279px) 100vw, 279px\" \/>BSc. Anderson&nbsp;Palmeira de Souza<\/h3>\n\n\n\n<p>Anderson \u00e9 bi\u00f3logo, formado pela Universidade de Mogi das Cruzes (UMC) em 2001, tendo realizado est\u00e1gios na \u00e1rea de comportamento animal com macacos prego e quatis pelo Departamento de Psicologia Experimental da Universidade de S\u00e3o Paulo (USP) . Especialista em Zoologia pela Universidade Federal Rural de Pernambuco (UFRPE) em 2005 e aluno especial do curso de Mestrado em Biologia Animal da Universidade Federal de Pernambuco (UFPE) em 2003. Coordenou o projeto de pesquisa sobre ecologia comportamental de bugios (<em>Alouatta belzebul<\/em>) em fragmento de Mata Atl\u00e2ntica no Sul de Pernambuco, de 2003 a 2006. Foi professor de curso t\u00e9cnico em Caraguatatuba-SP, ministrando aulas de preserva\u00e7\u00e3o de meio ambiente, legisla\u00e7\u00e3o ambiental, educa\u00e7\u00e3o ambiental e estudos de impacto ambiental. Trabalhou de 2009 a 2012 no programa itinerante: A Mata Atl\u00e2ntica \u00e9 Aqui! realizado pela Funda\u00e7\u00e3o SOS Mata Atl\u00e2ntica, desenvolvendo atividades de educa\u00e7\u00e3o ambiental, mobiliza\u00e7\u00e3o social e oficinas ecopedagogicas para crian\u00e7as, jovens e adultos. Trabalhou de 2013 a 2014 no Instituto Ekko Brasil\/Projeto Lontra- base Pantanal-MS, como coordenador de mobiliza\u00e7\u00e3o social e educa\u00e7\u00e3o ambiental, com estabelecimento de parcerias entre departamentos (Educa\u00e7\u00e3o, Meio Ambiente e Turismo) das Prefeituras de Aquidauana e Anast\u00e1cio, Universidades locais (Federal e Estadual), CM do Ex\u00e9rcito e outras institui\u00e7\u00f5es p\u00fablicas e privadas ,para o desenvolvimento de pesquisa cient\u00edfica, atividades socioambientais, workshops e palestras para comunidade local e comunidades ribeirinhas e ind\u00edgenas. Atualmente ocupa o cargo de dire\u00e7\u00e3o executiva e assessoramento no Geopark Bodoquena-Pantanal e como pesquisador do GEMAP : Grupo de Estudos e Manejo em \u00c1reas Protegidas da Universidade Estadual de Mato Grosso do Sul.<\/p>\n\n\n\n<h5 class=\"wp-block-heading\"><em>Links<\/em>:<\/h5>\n\n\n\n<ul class=\"wp-block-list\">\n<li><h5><a href=\"http:\/\/lattes.cnpq.br\/4547309201121007\" target=\"_blank\" rel=\"noopener noreferrer\">CV Lattes<\/a><\/h5><\/li>\n<\/ul>","protected":false},"excerpt":{"rendered":"<p>Dr. Tiago Fal\u00f3tico Tiago studies tool use and cultural behavior in primates, mostly at the UNESCO World Heritage site of Serra da Capivara National Park, in Brazil.&nbsp;His research looks at differences in tool use behavior between capuchin sex, groups, and populations, as well as the ontogeny of tool use and other manipulative behaviors. Currently, he &hellip; <a href=\"https:\/\/www.neoprego.org\/pt_br\/membros\/founding-members-membros-fundadores\/\" class=\"more-link\">Continue lendo <span class=\"screen-reader-text\">Fundadores<\/span><\/a><\/p>","protected":false},"author":1,"featured_media":74,"parent":29,"menu_order":0,"comment_status":"closed","ping_status":"closed","template":"","meta":{"footnotes":""},"tags":[56,57,65,73],"class_list":["post-1137","page","type-page","status-publish","has-post-thumbnail","hentry","tag-members","tag-membros","tag-pesquisadores","tag-researchers"],"jetpack_sharing_enabled":true,"_links":{"self":[{"href":"https:\/\/www.neoprego.org\/pt_br\/wp-json\/wp\/v2\/pages\/1137","targetHints":{"allow":["GET"]}}],"collection":[{"href":"https:\/\/www.neoprego.org\/pt_br\/wp-json\/wp\/v2\/pages"}],"about":[{"href":"https:\/\/www.neoprego.org\/pt_br\/wp-json\/wp\/v2\/types\/page"}],"author":[{"embeddable":true,"href":"https:\/\/www.neoprego.org\/pt_br\/wp-json\/wp\/v2\/users\/1"}],"replies":[{"embeddable":true,"href":"https:\/\/www.neoprego.org\/pt_br\/wp-json\/wp\/v2\/comments?post=1137"}],"version-history":[{"count":5,"href":"https:\/\/www.neoprego.org\/pt_br\/wp-json\/wp\/v2\/pages\/1137\/revisions"}],"predecessor-version":[{"id":2229,"href":"https:\/\/www.neoprego.org\/pt_br\/wp-json\/wp\/v2\/pages\/1137\/revisions\/2229"}],"up":[{"embeddable":true,"href":"https:\/\/www.neoprego.org\/pt_br\/wp-json\/wp\/v2\/pages\/29"}],"wp:featuredmedia":[{"embeddable":true,"href":"https:\/\/www.neoprego.org\/pt_br\/wp-json\/wp\/v2\/media\/74"}],"wp:attachment":[{"href":"https:\/\/www.neoprego.org\/pt_br\/wp-json\/wp\/v2\/media?parent=1137"}],"wp:term":[{"taxonomy":"post_tag","embeddable":true,"href":"https:\/\/www.neoprego.org\/pt_br\/wp-json\/wp\/v2\/tags?post=1137"}],"curies":[{"name":"wp","href":"https:\/\/api.w.org\/{rel}","templated":true}]}}