{"id":1135,"date":"2018-08-15T16:53:15","date_gmt":"2018-08-15T19:53:15","guid":{"rendered":"https:\/\/neoprego.wordpress.com\/?page_id=1135"},"modified":"2025-12-11T11:58:40","modified_gmt":"2025-12-11T14:58:40","slug":"active-members-membros-efetivos","status":"publish","type":"page","link":"https:\/\/www.neoprego.org\/pt_br\/membros\/active-members-membros-efetivos\/","title":{"rendered":"Membros ativos"},"content":{"rendered":"<p>Estes s\u00e3o os membros efetivos da NeoPReGo. S\u00e3o pessoas que nos ajudam a desenvolver nossos trabalhos de pesquisa e educa\u00e7\u00e3o.<\/p>\n\n\n\n<h4 class=\"wp-block-heading\"><strong>Pesquisadores<\/strong><\/h4>\n\n\n\n<ul class=\"wp-block-list\">\n<li>Dr. Tiago Fal\u00f3tico<\/li>\n\n\n\n<li>Dr\u00aa Michele P. Verderane<\/li>\n\n\n\n<li>Dr\u00aa Mariana Dutra Foga\u00e7a<\/li>\n\n\n\n<li>Dr. Paulo Henrique M\u00f3dena Coutinho (<a href=\"http:\/\/lattes.cnpq.br\/3563539635963954\" target=\"_blank\" rel=\"noopener\">Curr\u00edculo Lattes<\/a>)<\/li>\n\n\n\n<li>MSc. Andrews M. F. Oliveira Nunes (<a href=\"http:\/\/lattes.cnpq.br\/3479767452902678\" target=\"_blank\" rel=\"noopener\">Curr\u00edculo Lattes<\/a>)<\/li>\n\n\n\n<li>Dr\u00aa Tatiane Valen\u00e7a (<a href=\"http:\/\/lattes.cnpq.br\/2091669300699008\" target=\"_blank\" rel=\"noopener\">Curr\u00edculo Lattes<\/a>)<\/li>\n<\/ul>\n\n\n\n<h4 class=\"wp-block-heading\"><strong>Doutorandos<\/strong><\/h4>\n\n\n\n<ul class=\"wp-block-list\">\n<li>MSc. Eletra de Souza (<a href=\"http:\/\/lattes.cnpq.br\/1992040710556038\" target=\"_blank\" rel=\"noopener\">Curr\u00edculo Lattes<\/a>)<\/li>\n\n\n\n<li>MSc. Henrique Pereira Rufo (<a href=\"http:\/\/lattes.cnpq.br\/4415247553947093\" target=\"_blank\" rel=\"noopener\">Curr\u00edculo Lattes<\/a>)<\/li>\n\n\n\n<li>MSc. Larissa Vaccarini \u00c1vila (<a href=\"http:\/\/lattes.cnpq.br\/8066161110964940\" target=\"_blank\" rel=\"noopener\">Curr\u00edculo Lattes<\/a>)<\/li>\n<\/ul>\n\n\n\n<h4 class=\"wp-block-heading\"><strong>Mestrandos<\/strong><\/h4>\n\n\n\n<ul class=\"wp-block-list\">\n<li>Gabriela de Oliveira Affon\u00e7o&nbsp;(<a href=\"http:\/\/lattes.cnpq.br\/9749130956875461\" target=\"_blank\" rel=\"noopener\">Curr\u00edculo Lattes<\/a>)<\/li>\n\n\n\n<li>Guilherme Henrique Mugnaini (<a href=\"http:\/\/lattes.cnpq.br\/8084619146362040\" target=\"_blank\" rel=\"noreferrer noopener\">Curr\u00edculo Lattes<\/a>)<\/li>\n<\/ul>\n\n\n\n<h4 class=\"wp-block-heading\"><strong>Apoiadores<\/strong><\/h4>\n\n\n\n<ul class=\"wp-block-list\">\n<li>F\u00e1bio Jos\u00e9 Fal\u00f3tico<\/li>\n\n\n\n<li>MSc. Hildebrando Ces\u00e1rio Penteado (<a href=\"http:\/\/lattes.cnpq.br\/2310944364146074\" target=\"_blank\" rel=\"noopener\">Curr\u00edculo Lattes<\/a>)<\/li>\n\n\n\n<li>Jacira Maria Pereira Verderane<\/li>\n\n\n\n<li>K\u00e1tia Cristina Petri<\/li>\n\n\n\n<li>Leandro da Cruz Silva<\/li>\n\n\n\n<li>Luiza Helena dos Santos Fal\u00f3tico<\/li>\n\n\n\n<li>Maria Eugenia Dutra Foga\u00e7a<\/li>\n\n\n\n<li>Dr\u00aa Ol\u00edvia Mendon\u00e7a Furtado Hubbe (<a href=\"http:\/\/lattes.cnpq.br\/3050040600667070\" target=\"_blank\" rel=\"noopener\">Curr\u00edculo Lattes<\/a>)<\/li>\n<\/ul>","protected":false},"excerpt":{"rendered":"<p>These are the active members of NeoPReGo. We have several people who help us develop our research and education work. Researchers PhD. students Masters students Supporters<\/p>","protected":false},"author":1,"featured_media":0,"parent":29,"menu_order":0,"comment_status":"closed","ping_status":"closed","template":"","meta":{"footnotes":""},"tags":[],"class_list":["post-1135","page","type-page","status-publish","hentry","no-featured-image"],"jetpack_sharing_enabled":true,"_links":{"self":[{"href":"https:\/\/www.neoprego.org\/pt_br\/wp-json\/wp\/v2\/pages\/1135","targetHints":{"allow":["GET"]}}],"collection":[{"href":"https:\/\/www.neoprego.org\/pt_br\/wp-json\/wp\/v2\/pages"}],"about":[{"href":"https:\/\/www.neoprego.org\/pt_br\/wp-json\/wp\/v2\/types\/page"}],"author":[{"embeddable":true,"href":"https:\/\/www.neoprego.org\/pt_br\/wp-json\/wp\/v2\/users\/1"}],"replies":[{"embeddable":true,"href":"https:\/\/www.neoprego.org\/pt_br\/wp-json\/wp\/v2\/comments?post=1135"}],"version-history":[{"count":6,"href":"https:\/\/www.neoprego.org\/pt_br\/wp-json\/wp\/v2\/pages\/1135\/revisions"}],"predecessor-version":[{"id":2302,"href":"https:\/\/www.neoprego.org\/pt_br\/wp-json\/wp\/v2\/pages\/1135\/revisions\/2302"}],"up":[{"embeddable":true,"href":"https:\/\/www.neoprego.org\/pt_br\/wp-json\/wp\/v2\/pages\/29"}],"wp:attachment":[{"href":"https:\/\/www.neoprego.org\/pt_br\/wp-json\/wp\/v2\/media?parent=1135"}],"wp:term":[{"taxonomy":"post_tag","embeddable":true,"href":"https:\/\/www.neoprego.org\/pt_br\/wp-json\/wp\/v2\/tags?post=1135"}],"curies":[{"name":"wp","href":"https:\/\/api.w.org\/{rel}","templated":true}]}}